{"id":257,"date":"2017-09-07T20:23:33","date_gmt":"2017-09-07T20:23:33","guid":{"rendered":"http:\/\/www.plexo.edu.uy\/?page_id=257"},"modified":"2017-09-07T20:23:33","modified_gmt":"2017-09-07T20:23:33","slug":"universidad-de-la-republica","status":"publish","type":"page","link":"https:\/\/viaje18.plexo.edu.uy\/index.php\/institucional\/universidad-de-la-republica\/","title":{"rendered":"Universidad de la Rep\u00fablica"},"content":{"rendered":"<p>[et_pb_section bb_built=&#8221;1&#8243; fullwidth=&#8221;off&#8221; specialty=&#8221;off&#8221; _builder_version=&#8221;3.0.71&#8243; custom_padding=&#8221;0px|||&#8221;][et_pb_row][et_pb_column type=&#8221;4_4&#8243;][et_pb_text _builder_version=&#8221;3.0.71&#8243; background_layout=&#8221;light&#8221; text_orientation=&#8221;left&#8221; border_style=&#8221;solid&#8221;]<br \/>\n<strong>Universidad de la Rep\u00fablica (UDELAR)<\/strong><\/p>\n<hr \/>\n<p>&nbsp;<br \/>\n[\/et_pb_text][\/et_pb_column][\/et_pb_row][et_pb_row][et_pb_column type=&#8221;1_3&#8243;][et_pb_image _builder_version=&#8221;3.0.71&#8243; src=&#8221;http:\/\/www.plexo.edu.uy\/wp-content\/uploads\/2017\/09\/PLEXO_UDELAR.jpg&#8221; show_in_lightbox=&#8221;off&#8221; url_new_window=&#8221;off&#8221; use_overlay=&#8221;off&#8221; sticky=&#8221;off&#8221; align=&#8221;left&#8221; always_center_on_mobile=&#8221;on&#8221; border_style=&#8221;solid&#8221; force_fullwidth=&#8221;off&#8221; animation=&#8221;off&#8221; \/][\/et_pb_column][et_pb_column type=&#8221;2_3&#8243;][et_pb_text _builder_version=&#8221;3.0.71&#8243; background_layout=&#8221;light&#8221; text_orientation=&#8221;left&#8221; border_style=&#8221;solid&#8221;]<br \/>\nLa Universidad de la Rep\u00fablica (Udelar) es la principal instituci\u00f3n de educaci\u00f3n superior y de investigaci\u00f3n del Uruguay. En colaboraci\u00f3n con una amplia gama de actores institucionales y sociales, realiza tambi\u00e9n m\u00faltiples actividades orientadas al uso socialmente valioso del conocimiento y a la difusi\u00f3n de la cultura. Es una instituci\u00f3n p\u00fablica, aut\u00f3noma y cogobernada por sus docentes, estudiantes y egresados.<br \/>\nFuente: <a href=\"http:\/\/www.udelar.edu.uy\/\" target=\"_blank\" rel=\"noopener\">Portal UDELAR<\/a><br \/>\n[\/et_pb_text][\/et_pb_column][\/et_pb_row][\/et_pb_section][et_pb_section bb_built=&#8221;1&#8243; _builder_version=&#8221;3.0.71&#8243; background_color=&#8221;rgba(177,191,198,0.74)&#8221; custom_padding=&#8221;2px|||&#8221;][et_pb_row][et_pb_column type=&#8221;4_4&#8243;][et_pb_text _builder_version=&#8221;3.0.71&#8243; background_layout=&#8221;light&#8221; text_orientation=&#8221;left&#8221; border_style=&#8221;solid&#8221;]<br \/>\n<strong>Facultad de Arquitectura, Dise\u00f1o y Urbanismo de la Universidad de la Rep\u00fablica (FADU\/UDELAR)<\/strong><\/p>\n<hr \/>\n<p>&nbsp;<br \/>\n[\/et_pb_text][\/et_pb_column][\/et_pb_row][et_pb_row][et_pb_column type=&#8221;1_3&#8243;][et_pb_image _builder_version=&#8221;3.0.71&#8243; src=&#8221;http:\/\/www.plexo.edu.uy\/wp-content\/uploads\/2017\/09\/PLEXO_fadu.jpg&#8221; show_in_lightbox=&#8221;off&#8221; url_new_window=&#8221;off&#8221; use_overlay=&#8221;off&#8221; sticky=&#8221;off&#8221; align=&#8221;left&#8221; always_center_on_mobile=&#8221;on&#8221; border_style=&#8221;solid&#8221; force_fullwidth=&#8221;off&#8221; animation=&#8221;off&#8221; \/][et_pb_text _builder_version=&#8221;3.0.71&#8243; background_layout=&#8221;light&#8221; text_orientation=&#8221;left&#8221; border_style=&#8221;solid&#8221;]<br \/>\n&#8220;En la Facultad de Arquitectura se forman e investigan quienes intervienen activamente en la concepci\u00f3n y en la construcci\u00f3n f\u00edsica del h\u00e1bitat del hombre, en sus m\u00faltiples dimensiones.<br \/>\nEn los diferentes \u00e1mbitos y carreras de la Facultad, se desarrollan y transmiten conocimientos y habilidades que permiten imaginar y fabricar objetos, o indumentaria, o el equipamiento incluido en cierta habitaci\u00f3n, o proyectar el edificio del que esta habitaci\u00f3n forma parte, o la manzana de la ciudad donde est\u00e1 edificado aquel edificio, o planificar la ciudad en la que est\u00e1 incluida aquella manzana, o participar en el ordenamiento del territorio donde se asienta aquella ciudad, o\u2026<br \/>\nM\u00e1s particularmente la formaci\u00f3n que en nuestra Facultad se desarrolla, permite intervenir en todas estas instancias como individuos poseedores de conocimientos espec\u00edficos, o aportar miradas especializadas -de arquitectos o dise\u00f1adores- a equipos interdisciplinares.<br \/>\n[\/et_pb_text][\/et_pb_column][et_pb_column type=&#8221;1_3&#8243;][et_pb_text _builder_version=&#8221;3.0.71&#8243; background_layout=&#8221;light&#8221; text_orientation=&#8221;left&#8221; border_style=&#8221;solid&#8221;]<br \/>\nTodas nuestras carreras se vinculan al dise\u00f1o y el proyecto; sus egresados son Arquitectos, Licenciados en Dise\u00f1o de Comunicaci\u00f3n Visual, Licenciados en Dise\u00f1o de Paisaje, Licenciados en Dise\u00f1o Industrial- perfil Producto y perfil Textil-Indumentaria, Licenciados en Dise\u00f1o Integrado \u2013 perfil Eficiencia Energ\u00e9tica y perfil Desarrollo Local. Todos piensan en t\u00e9rminos de futuros posibles, de organizaci\u00f3n y creaci\u00f3n de espacios y objetos, conciben las formas de materializar esas ideas, y analizan las repercusiones culturales y sociales de sus ideas.<br \/>\nLa Universidad cumple tres funciones b\u00e1sicas: ense\u00f1anza (transmisi\u00f3n de conocimiento y desarrollo de habilidades), investigaci\u00f3n (creaci\u00f3n de conocimiento original) y extensi\u00f3n (intercambio con el medio, aportando saberes y recogiendo experiencias). Cada vez m\u00e1s se entiende que las tres est\u00e1n interrelacionadas y son complementarias. De hecho, en nuestras carreras, se admite la importancia formativa de todas ellas, y se procura que el estudiante avance en su formaci\u00f3n realizando actividades dentro y fuera de las aulas, adecuadamente evaluadas y supervisadas.<br \/>\nLa ense\u00f1anza y el aprendizaje en la Universidad, y en particular en nuestra Facultad, trasladan al estudiante la posibilidad de elegir -en buena medida- sus itinerarios.\u00a0En la Facultad de Arquitectura, los cursos adoptan dos modalidades diferentes; los te\u00f3ricos, en las cuales se transmiten los contenidos esenciales de la formaci\u00f3n, y los talleres en los cuales se desarrollan ciertas capacidades espec\u00edficas del dise\u00f1o y la arquitectura. No hay un \u00fanico saber en la arquitectura y el dise\u00f1o, ni una \u00fanica manera de alcanzarlo; frente a esta apertura, debe entenderse que la ense\u00f1anza y el<br \/>\n[\/et_pb_text][\/et_pb_column][et_pb_column type=&#8221;1_3&#8243;][et_pb_text _builder_version=&#8221;3.0.71&#8243; background_layout=&#8221;light&#8221; text_orientation=&#8221;left&#8221; border_style=&#8221;solid&#8221;]<br \/>\naprendizaje en estos campos requieren de un muy fuerte compromiso personal, en tanto cada individuo, con sus historias y rasgos personales es un protagonista activo de su propia formaci\u00f3n. Nuestro compromiso es dotar a los estudiantes de la posibilidad de alcanzar una formaci\u00f3n de excelencia, pero adem\u00e1s -y esto es fundamental- aspiramos que se aprenda a aprender; la responsabilidad de la propia formaci\u00f3n y la actualizaci\u00f3n del conocimiento no se debe agotar al cumplir la carrera. En este sentido confiamos que cada quien encuentre, en su pasaje por nuestra casa de estudios y junto al est\u00edmulo, la solvencia profesional y la avidez por saber cada vez m\u00e1s y mejor, un marco de \u00e9tica que le permita, con el mayor compromiso, devolver, al esfuerzo colectivo que realiza la sociedad para permitir nuestro funcionamiento institucional, y la formaci\u00f3n personal de cada universitario.&#8221;<br \/>\nDr. Arq. Gustavo Scheps.<br \/>\nDecano<br \/>\n&nbsp;<\/p>\n<p style=\"padding-left: 30px;\"><em>Fuente: <a href=\"http:\/\/www.fadu.edu.uy\/\" target=\"_blank\" rel=\"noopener\">Portal FADU<\/a><\/em><\/p>\n<p>[\/et_pb_text][\/et_pb_column][\/et_pb_row][\/et_pb_section]<\/p>\n","protected":false},"excerpt":{"rendered":"<p><div class=\"et_pb_row et_pb_row_0 et_pb_row_empty\">\n\t\t\t\t\n\t\t\t\t\n\t\t\t\t\n\t\t\t\t\n\t\t\t\t\n\t\t\t<\/div> Universidad de la Rep\u00fablica (UDELAR) &nbsp; <div class=\"et_pb_row et_pb_row_1 et_pb_row_empty\">\n\t\t\t\t\n\t\t\t\t\n\t\t\t\t\n\t\t\t\t\n\t\t\t\t\n\t\t\t<\/div> La Universidad de la Rep\u00fablica (Udelar) es la principal instituci\u00f3n de educaci\u00f3n superior y de investigaci\u00f3n del Uruguay. En colaboraci\u00f3n con una amplia gama de actores institucionales y sociales, realiza tambi\u00e9n m\u00faltiples actividades orientadas al uso socialmente valioso del conocimiento y a la difusi\u00f3n de la cultura. [&hellip;]<\/p>\n","protected":false},"author":1,"featured_media":0,"parent":79,"menu_order":0,"comment_status":"closed","ping_status":"closed","template":"","meta":{"_et_pb_use_builder":"on","_et_pb_old_content":"","_et_gb_content_width":""},"_links":{"self":[{"href":"https:\/\/viaje18.plexo.edu.uy\/index.php\/wp-json\/wp\/v2\/pages\/257"}],"collection":[{"href":"https:\/\/viaje18.plexo.edu.uy\/index.php\/wp-json\/wp\/v2\/pages"}],"about":[{"href":"https:\/\/viaje18.plexo.edu.uy\/index.php\/wp-json\/wp\/v2\/types\/page"}],"author":[{"embeddable":true,"href":"https:\/\/viaje18.plexo.edu.uy\/index.php\/wp-json\/wp\/v2\/users\/1"}],"replies":[{"embeddable":true,"href":"https:\/\/viaje18.plexo.edu.uy\/index.php\/wp-json\/wp\/v2\/comments?post=257"}],"version-history":[{"count":0,"href":"https:\/\/viaje18.plexo.edu.uy\/index.php\/wp-json\/wp\/v2\/pages\/257\/revisions"}],"up":[{"embeddable":true,"href":"https:\/\/viaje18.plexo.edu.uy\/index.php\/wp-json\/wp\/v2\/pages\/79"}],"wp:attachment":[{"href":"https:\/\/viaje18.plexo.edu.uy\/index.php\/wp-json\/wp\/v2\/media?parent=257"}],"curies":[{"name":"wp","href":"https:\/\/api.w.org\/{rel}","templated":true}]}}