{"id":284,"date":"2017-09-08T19:20:28","date_gmt":"2017-09-08T19:20:28","guid":{"rendered":"http:\/\/www.plexo.edu.uy\/?page_id=284"},"modified":"2017-09-08T19:20:28","modified_gmt":"2017-09-08T19:20:28","slug":"lecturas-de-interes","status":"publish","type":"page","link":"https:\/\/viaje18.plexo.edu.uy\/index.php\/insumos\/lecturas-de-interes\/","title":{"rendered":"Lecturas de inter\u00e9s"},"content":{"rendered":"<p>[et_pb_section bb_built=&#8221;1&#8243; _builder_version=&#8221;3.0.47&#8243; custom_padding=&#8221;0px|0px|90px|0px&#8221;][et_pb_row _builder_version=&#8221;3.0.47&#8243; background_size=&#8221;initial&#8221; background_position=&#8221;top_left&#8221; background_repeat=&#8221;repeat&#8221; custom_padding=&#8221;27px|0px|0px|0px&#8221;][et_pb_column type=&#8221;4_4&#8243;][et_pb_text _builder_version=&#8221;3.0.86&#8243;]<br \/>\nEsta secci\u00f3n est\u00e1 dedicada a promover y difundir lecturas y escritos tanto acad\u00e9micos como literarios, que por su naturaleza o temas abordados, remitan a una reflexi\u00f3n o promuevan la comprensi\u00f3n de arquitecturas, culturas o contextos hist\u00f3ricos de los diferentes destinos a visitar durante el Viaje.<br \/>\n_______________________________________________________________________________________________________________________________________<br \/>\n[\/et_pb_text][\/et_pb_column][\/et_pb_row][\/et_pb_section][et_pb_section bb_built=&#8221;1&#8243; _builder_version=&#8221;3.0.47&#8243; custom_padding=&#8221;0px|0px|0px|0px&#8221;][et_pb_row custom_padding=&#8221;0px|0px|90px|0px&#8221; _builder_version=&#8221;3.0.86&#8243;][et_pb_column type=&#8221;1_5&#8243;][et_pb_image src=&#8221;http:\/\/www.plexo.edu.uy\/wp-content\/uploads\/2017\/11\/1-3.jpg&#8221; url=&#8221;http:\/\/www.plexo.edu.uy\/lecturas-bloque-1\/&#8221; url_new_window=&#8221;off&#8221; _builder_version=&#8221;3.0.86&#8243; show_in_lightbox=&#8221;off&#8221; use_overlay=&#8221;off&#8221; always_center_on_mobile=&#8221;on&#8221; force_fullwidth=&#8221;off&#8221; show_bottom_space=&#8221;on&#8221;]<br \/>\n&nbsp;<br \/>\n[\/et_pb_image][et_pb_text _builder_version=&#8221;3.0.86&#8243; text_line_height=&#8221;2em&#8221; background_layout=&#8221;light&#8221;]<br \/>\n<a href=\"http:\/\/www.plexo.edu.uy\/lecturas-bloque-1\/\" rel=\"noopener\">Ir a lecturas bloque 1<\/a><br \/>\n[\/et_pb_text][\/et_pb_column][et_pb_column type=&#8221;1_5&#8243;][et_pb_image src=&#8221;http:\/\/www.plexo.edu.uy\/wp-content\/uploads\/2017\/11\/2-3.jpg&#8221; url=&#8221;http:\/\/www.plexo.edu.uy\/lecturas-bloque-2\/&#8221; url_new_window=&#8221;off&#8221; _builder_version=&#8221;3.0.86&#8243; show_in_lightbox=&#8221;off&#8221; use_overlay=&#8221;off&#8221; always_center_on_mobile=&#8221;on&#8221; force_fullwidth=&#8221;off&#8221; show_bottom_space=&#8221;on&#8221;]<br \/>\n&nbsp;<br \/>\n[\/et_pb_image][et_pb_text _builder_version=&#8221;3.0.86&#8243; text_line_height=&#8221;2em&#8221; background_layout=&#8221;light&#8221;]<br \/>\n<a href=\"http:\/\/www.plexo.edu.uy\/lecturas-bloque-2\/\" rel=\"noopener\">Ir a lecturas bloque 2<\/a><br \/>\n[\/et_pb_text][\/et_pb_column][et_pb_column type=&#8221;1_5&#8243;][et_pb_image src=&#8221;http:\/\/www.plexo.edu.uy\/wp-content\/uploads\/2017\/11\/3-3.jpg&#8221; url=&#8221;http:\/\/www.plexo.edu.uy\/lecturas-bloque-3\/&#8221; url_new_window=&#8221;off&#8221; _builder_version=&#8221;3.0.86&#8243; show_in_lightbox=&#8221;off&#8221; use_overlay=&#8221;off&#8221; always_center_on_mobile=&#8221;on&#8221; force_fullwidth=&#8221;off&#8221; show_bottom_space=&#8221;on&#8221;]<br \/>\n&nbsp;<br \/>\n[\/et_pb_image][et_pb_text _builder_version=&#8221;3.0.86&#8243; text_line_height=&#8221;2em&#8221; background_layout=&#8221;light&#8221;]<br \/>\n<a href=\"http:\/\/www.plexo.edu.uy\/lecturas-bloque-3\/\" rel=\"noopener\">Ir a lecturas bloque 3<\/a><br \/>\n[\/et_pb_text][\/et_pb_column][et_pb_column type=&#8221;1_5&#8243;][et_pb_image src=&#8221;http:\/\/www.plexo.edu.uy\/wp-content\/uploads\/2017\/11\/4-3.jpg&#8221; url=&#8221;http:\/\/www.plexo.edu.uy\/lecturas-bloque-4\/&#8221; url_new_window=&#8221;off&#8221; _builder_version=&#8221;3.0.86&#8243; show_in_lightbox=&#8221;off&#8221; use_overlay=&#8221;off&#8221; always_center_on_mobile=&#8221;on&#8221; force_fullwidth=&#8221;off&#8221; show_bottom_space=&#8221;on&#8221;]<br \/>\n&nbsp;<br \/>\n[\/et_pb_image][et_pb_text _builder_version=&#8221;3.0.86&#8243; text_line_height=&#8221;2em&#8221; background_layout=&#8221;light&#8221;]<br \/>\n<a href=\"http:\/\/www.plexo.edu.uy\/lecturas-bloque-4\/\" rel=\"noopener\">Ir a lecturas bloque 4<\/a><br \/>\n[\/et_pb_text][\/et_pb_column][et_pb_column type=&#8221;1_5&#8243;][et_pb_image src=&#8221;http:\/\/www.plexo.edu.uy\/wp-content\/uploads\/2017\/11\/5-1.jpg&#8221; url=&#8221;http:\/\/www.plexo.edu.uy\/lecturas-5-historia\/&#8221; url_new_window=&#8221;off&#8221; _builder_version=&#8221;3.0.86&#8243; show_in_lightbox=&#8221;off&#8221; use_overlay=&#8221;off&#8221; always_center_on_mobile=&#8221;on&#8221; force_fullwidth=&#8221;off&#8221; show_bottom_space=&#8221;on&#8221;]<br \/>\n&nbsp;<br \/>\n[\/et_pb_image][et_pb_text _builder_version=&#8221;3.0.86&#8243; text_line_height=&#8221;2em&#8221; background_layout=&#8221;light&#8221;]<br \/>\n<a href=\"http:\/\/www.plexo.edu.uy\/lecturas-5-historia\/\" rel=\"noopener\">Ir a lecturas historia general<\/a><br \/>\n[\/et_pb_text][\/et_pb_column][\/et_pb_row][\/et_pb_section]<\/p>\n","protected":false},"excerpt":{"rendered":"<p>Esta secci\u00f3n est\u00e1 dedicada a promover y difundir lecturas y escritos tanto acad\u00e9micos como literarios, que por su naturaleza o temas abordados, remitan a una reflexi\u00f3n o promuevan la comprensi\u00f3n de arquitecturas, culturas o contextos hist\u00f3ricos de los diferentes destinos a visitar durante el Viaje. _______________________________________________________________________________________________________________________________________ &nbsp; Ir a lecturas bloque 1 &nbsp; Ir a [&hellip;]<\/p>\n","protected":false},"author":1,"featured_media":0,"parent":65,"menu_order":0,"comment_status":"closed","ping_status":"closed","template":"","meta":{"_et_pb_use_builder":"on","_et_pb_old_content":"","_et_gb_content_width":""},"_links":{"self":[{"href":"https:\/\/viaje18.plexo.edu.uy\/index.php\/wp-json\/wp\/v2\/pages\/284"}],"collection":[{"href":"https:\/\/viaje18.plexo.edu.uy\/index.php\/wp-json\/wp\/v2\/pages"}],"about":[{"href":"https:\/\/viaje18.plexo.edu.uy\/index.php\/wp-json\/wp\/v2\/types\/page"}],"author":[{"embeddable":true,"href":"https:\/\/viaje18.plexo.edu.uy\/index.php\/wp-json\/wp\/v2\/users\/1"}],"replies":[{"embeddable":true,"href":"https:\/\/viaje18.plexo.edu.uy\/index.php\/wp-json\/wp\/v2\/comments?post=284"}],"version-history":[{"count":0,"href":"https:\/\/viaje18.plexo.edu.uy\/index.php\/wp-json\/wp\/v2\/pages\/284\/revisions"}],"up":[{"embeddable":true,"href":"https:\/\/viaje18.plexo.edu.uy\/index.php\/wp-json\/wp\/v2\/pages\/65"}],"wp:attachment":[{"href":"https:\/\/viaje18.plexo.edu.uy\/index.php\/wp-json\/wp\/v2\/media?parent=284"}],"curies":[{"name":"wp","href":"https:\/\/api.w.org\/{rel}","templated":true}]}}