{"id":3011,"date":"2017-11-17T18:25:45","date_gmt":"2017-11-17T18:25:45","guid":{"rendered":"http:\/\/www.plexo.edu.uy\/?page_id=3011"},"modified":"2017-11-17T18:25:45","modified_gmt":"2017-11-17T18:25:45","slug":"lecturas-bloque-3","status":"publish","type":"page","link":"https:\/\/viaje18.plexo.edu.uy\/index.php\/lecturas-bloque-3\/","title":{"rendered":"Lecturas Bloque 3"},"content":{"rendered":"<p>[et_pb_section bb_built=&#8221;1&#8243; _builder_version=&#8221;3.0.47&#8243; custom_padding=&#8221;0px|0px|0px|0px&#8221; next_background_color=&#8221;#000000&#8243;][et_pb_row custom_padding=&#8221;19px|0px|0px|0px&#8221; _builder_version=&#8221;3.0.47&#8243; background_size=&#8221;initial&#8221; background_position=&#8221;top_left&#8221; background_repeat=&#8221;repeat&#8221;][et_pb_column type=&#8221;4_4&#8243;][et_pb_text _builder_version=&#8221;3.0.86&#8243; module_alignment=&#8221;left&#8221;]<\/p>\n<h3>REINO UNIDO<\/h3>\n<p>[\/et_pb_text][\/et_pb_column][\/et_pb_row][et_pb_row custom_padding=&#8221;27px|0px|0px|0px&#8221; _builder_version=&#8221;3.0.47&#8243; background_size=&#8221;initial&#8221; background_position=&#8221;top_left&#8221; background_repeat=&#8221;repeat&#8221;][et_pb_column type=&#8221;1_6&#8243;][et_pb_image src=&#8221;http:\/\/www.plexo.edu.uy\/wp-content\/uploads\/2017\/11\/078.1984.jpg&#8221; url=&#8221;http:\/\/www.plexo.edu.uy\/wp-content\/uploads\/2018\/08\/078.1984-George-Orwell.epub&#8221; url_new_window=&#8221;on&#8221; _builder_version=&#8221;3.2&#8243;]<br \/>\n&nbsp;<br \/>\n[\/et_pb_image][et_pb_text _builder_version=&#8221;3.0.86&#8243;]<br \/>\n<strong>1984<\/strong><br \/>\nGeorge Orwell<br \/>\n[\/et_pb_text][\/et_pb_column][et_pb_column type=&#8221;1_6&#8243;][et_pb_image src=&#8221;http:\/\/www.plexo.edu.uy\/wp-content\/uploads\/2017\/11\/079.El-dia-de-los-Trifidos.jpg&#8221; url=&#8221;http:\/\/www.plexo.edu.uy\/wp-content\/uploads\/2018\/08\/079.El-dia-de-los-Trifidos-John-Wyndham.epub&#8221; url_new_window=&#8221;on&#8221; _builder_version=&#8221;3.2&#8243;]<br \/>\n&nbsp;<br \/>\n[\/et_pb_image][et_pb_text _builder_version=&#8221;3.0.86&#8243;]<br \/>\n<strong>EL D\u00cdA DE LOS TR\u00cdFIDOS<\/strong><br \/>\nJohn Wyndham<br \/>\n[\/et_pb_text][\/et_pb_column][et_pb_column type=&#8221;1_6&#8243;][et_pb_image src=&#8221;http:\/\/www.plexo.edu.uy\/wp-content\/uploads\/2017\/11\/080.El-retrato-de-Dorian-Gray.jpg&#8221; url=&#8221;http:\/\/www.plexo.edu.uy\/wp-content\/uploads\/2018\/08\/080.El-retrato-de-Dorian-Gray-Oscar-Wilde.epub&#8221; url_new_window=&#8221;on&#8221; _builder_version=&#8221;3.2&#8243;]<br \/>\n&nbsp;<br \/>\n[\/et_pb_image][et_pb_text _builder_version=&#8221;3.0.86&#8243;]<br \/>\n<strong>EL RETRATO DE DORIAN GRAY<\/strong><br \/>\nOscar Wilde<br \/>\n[\/et_pb_text][\/et_pb_column][et_pb_column type=&#8221;1_6&#8243;][et_pb_image src=&#8221;http:\/\/www.plexo.edu.uy\/wp-content\/uploads\/2017\/11\/081.Historias-de-Londres.jpg&#8221; url=&#8221;http:\/\/www.plexo.edu.uy\/wp-content\/uploads\/2018\/08\/081.Historias-de-Londres-Enric-Gonzalez.epub&#8221; url_new_window=&#8221;on&#8221; _builder_version=&#8221;3.2&#8243;]<br \/>\n&nbsp;<br \/>\n[\/et_pb_image][et_pb_text _builder_version=&#8221;3.0.86&#8243;]<br \/>\n<strong>HISTORIAS DE LONDRES<\/strong><br \/>\nEnric Gonz\u00e1lez<br \/>\n[\/et_pb_text][\/et_pb_column][et_pb_column type=&#8221;1_6&#8243;][et_pb_image src=&#8221;http:\/\/www.plexo.edu.uy\/wp-content\/uploads\/2017\/11\/082.La-naranja-mecanica.jpg&#8221; url=&#8221;http:\/\/www.plexo.edu.uy\/wp-content\/uploads\/2018\/08\/082.La-naranja-mecanica-Anthony-Burgess.epub&#8221; url_new_window=&#8221;on&#8221; _builder_version=&#8221;3.2&#8243;]<br \/>\n&nbsp;<br \/>\n[\/et_pb_image][et_pb_text _builder_version=&#8221;3.0.86&#8243;]<br \/>\n<strong>LA NARANJA MEC\u00c1NICA<\/strong><br \/>\nAnthony Burgess<br \/>\n[\/et_pb_text][\/et_pb_column][et_pb_column type=&#8221;1_6&#8243;][et_pb_image src=&#8221;http:\/\/www.plexo.edu.uy\/wp-content\/uploads\/2017\/11\/083.Los-pilares-de-la-Tierra.jpg&#8221; url=&#8221;http:\/\/www.plexo.edu.uy\/wp-content\/uploads\/2018\/08\/083.Los-pilares-de-la-Tierra-Ken-Follett.epub&#8221; url_new_window=&#8221;on&#8221; _builder_version=&#8221;3.2&#8243;]<br \/>\n&nbsp;<br \/>\n[\/et_pb_image][et_pb_text _builder_version=&#8221;3.0.86&#8243;]<br \/>\n<strong>LOS PILARES DE LA TIERRA<\/strong><br \/>\nKen Follett<br \/>\n[\/et_pb_text][\/et_pb_column][\/et_pb_row][et_pb_row custom_padding=&#8221;27px|0px|27px|0px&#8221; _builder_version=&#8221;3.0.47&#8243; background_size=&#8221;initial&#8221; background_position=&#8221;top_left&#8221; background_repeat=&#8221;repeat&#8221;][et_pb_column type=&#8221;1_6&#8243;][et_pb_image src=&#8221;http:\/\/www.plexo.edu.uy\/wp-content\/uploads\/2017\/11\/084.Tren-nocturno.jpg&#8221; url=&#8221;http:\/\/www.plexo.edu.uy\/wp-content\/uploads\/2018\/08\/084.Tren-nocturno-Martin-Amis.epub&#8221; url_new_window=&#8221;on&#8221; _builder_version=&#8221;3.2&#8243;]<br \/>\n&nbsp;<br \/>\n[\/et_pb_image][et_pb_text _builder_version=&#8221;3.0.86&#8243;]<br \/>\n<strong>TREN NOCTURNO<\/strong><br \/>\nMartin Amis<br \/>\n[\/et_pb_text][\/et_pb_column][et_pb_column type=&#8221;1_6&#8243;][et_pb_image src=&#8221;http:\/\/www.plexo.edu.uy\/wp-content\/uploads\/2017\/11\/085.Ulises.jpg&#8221; url=&#8221;http:\/\/www.plexo.edu.uy\/wp-content\/uploads\/2018\/08\/085.Ulises-James-Joyce.epub&#8221; url_new_window=&#8221;on&#8221; _builder_version=&#8221;3.2&#8243;]<br \/>\n&nbsp;<br \/>\n[\/et_pb_image][et_pb_text _builder_version=&#8221;3.0.86&#8243;]<br \/>\n<strong>ULISES<\/strong><br \/>\nJames Joyce<br \/>\n[\/et_pb_text][\/et_pb_column][et_pb_column type=&#8221;1_6&#8243;][et_pb_image src=&#8221;http:\/\/www.plexo.edu.uy\/wp-content\/uploads\/2017\/11\/086.Un-mundo-feliz.jpg&#8221; url=&#8221;http:\/\/www.plexo.edu.uy\/wp-content\/uploads\/2018\/08\/086.Un-mundo-feliz-Aldous-Huxley.epub&#8221; url_new_window=&#8221;on&#8221; _builder_version=&#8221;3.2&#8243;]<br \/>\n&nbsp;<br \/>\n[\/et_pb_image][et_pb_text _builder_version=&#8221;3.0.86&#8243;]<br \/>\n<strong>UN MUNDO FELIZ<\/strong><br \/>\nAldous Huxley<br \/>\n[\/et_pb_text][\/et_pb_column][et_pb_column type=&#8221;1_6&#8243;][et_pb_image src=&#8221;http:\/\/www.plexo.edu.uy\/wp-content\/uploads\/2017\/11\/087.Una-investigacion-filosofica.jpg&#8221; url=&#8221;http:\/\/www.plexo.edu.uy\/wp-content\/uploads\/2018\/08\/087.Una-investigacion-filosofica-Philip-Kerr.epub&#8221; url_new_window=&#8221;on&#8221; _builder_version=&#8221;3.2&#8243;]<br \/>\n&nbsp;<br \/>\n[\/et_pb_image][et_pb_text _builder_version=&#8221;3.0.86&#8243;]<br \/>\n<strong>UNA INVESTIGACI\u00d3N FILOS\u00d3FICA<\/strong><br \/>\nPhilip Kerr<br \/>\n[\/et_pb_text][\/et_pb_column][et_pb_column type=&#8221;1_6&#8243;][et_pb_image src=&#8221;http:\/\/www.plexo.edu.uy\/wp-content\/uploads\/2017\/11\/El-extrano-caso-del-Dr.-Jekyll-y-Mr.-Hyde.jpg&#8221; url=&#8221;http:\/\/www.plexo.edu.uy\/wp-content\/uploads\/2018\/08\/El-extrano-caso-del-Dr.-Jekyll-y-Mr.-Hyd-Robert-L.-Stevenson.epub&#8221; url_new_window=&#8221;on&#8221; _builder_version=&#8221;3.2&#8243;]<br \/>\n&nbsp;<br \/>\n[\/et_pb_image][et_pb_text _builder_version=&#8221;3.0.86&#8243;]<br \/>\n<strong>EL EXTRA\u00d1O CASO DEL DR. JEKYLL Y MR. HYDE<\/strong><br \/>\nRobert Louis Stevenson<br \/>\n[\/et_pb_text][\/et_pb_column][et_pb_column type=&#8221;1_6&#8243;][et_pb_image src=&#8221;http:\/\/www.plexo.edu.uy\/wp-content\/uploads\/2017\/11\/Las-aventuras-de-Sherlock-Holmes.jpg&#8221; url=&#8221;http:\/\/www.plexo.edu.uy\/wp-content\/uploads\/2018\/08\/Las-aventuras-de-Sherlock-Holmes-Arthur-Conan-Doyle.epub&#8221; url_new_window=&#8221;on&#8221; _builder_version=&#8221;3.2&#8243;]<br \/>\n&nbsp;<br \/>\n[\/et_pb_image][et_pb_text _builder_version=&#8221;3.0.86&#8243;]<br \/>\n<strong>LAS AVENTURAS DE SHERLOCK HOLMES<\/strong><br \/>\nArthur Conan Doyle<br \/>\n[\/et_pb_text][\/et_pb_column][\/et_pb_row][\/et_pb_section][et_pb_section bb_built=&#8221;1&#8243; _builder_version=&#8221;3.0.47&#8243; custom_padding=&#8221;0px|0px|0px|0px&#8221; prev_background_color=&#8221;#000000&#8243; next_background_color=&#8221;#000000&#8243;][et_pb_row custom_padding=&#8221;0px|0px|0px|0px&#8221; _builder_version=&#8221;3.0.47&#8243; background_size=&#8221;initial&#8221; background_position=&#8221;top_left&#8221; background_repeat=&#8221;repeat&#8221;][et_pb_column type=&#8221;4_4&#8243;][et_pb_divider color=&#8221;#898989&#8243; show_divider=&#8221;on&#8221; _builder_version=&#8221;3.0.86&#8243;]<br \/>\n&nbsp;<br \/>\n[\/et_pb_divider][\/et_pb_column][\/et_pb_row][et_pb_row custom_padding=&#8221;12px|0px|0px|0px&#8221; _builder_version=&#8221;3.0.47&#8243; background_size=&#8221;initial&#8221; background_position=&#8221;top_left&#8221; background_repeat=&#8221;repeat&#8221;][et_pb_column type=&#8221;4_4&#8243;][et_pb_text _builder_version=&#8221;3.0.86&#8243; module_alignment=&#8221;left&#8221;]<\/p>\n<h3>PA\u00cdSES N\u00d3RDICOS<\/h3>\n<p>[\/et_pb_text][\/et_pb_column][\/et_pb_row][et_pb_row custom_padding=&#8221;27px|0px|0px|0px&#8221; _builder_version=&#8221;3.0.47&#8243; background_size=&#8221;initial&#8221; background_position=&#8221;top_left&#8221; background_repeat=&#8221;repeat&#8221;][et_pb_column type=&#8221;1_6&#8243;][et_pb_image src=&#8221;http:\/\/www.plexo.edu.uy\/wp-content\/uploads\/2017\/11\/088.Aurora-boreal.jpg&#8221; url=&#8221;http:\/\/www.plexo.edu.uy\/wp-content\/uploads\/2018\/08\/088.Aurora-boreal-Asa-Larsson.epub&#8221; url_new_window=&#8221;on&#8221; _builder_version=&#8221;3.2&#8243;]<br \/>\n&nbsp;<br \/>\n[\/et_pb_image][et_pb_text _builder_version=&#8221;3.0.86&#8243;]<br \/>\n<strong>AURORA BOREAL<\/strong><br \/>\nAsa Larsson<br \/>\n[\/et_pb_text][\/et_pb_column][et_pb_column type=&#8221;1_6&#8243;][et_pb_image src=&#8221;http:\/\/www.plexo.edu.uy\/wp-content\/uploads\/2017\/11\/089.Crepusculo-en-Oslo.jpg&#8221; url=&#8221;http:\/\/www.plexo.edu.uy\/wp-content\/uploads\/2018\/08\/089.Crepusculo-en-Oslo-Anne-Holt.epub&#8221; url_new_window=&#8221;on&#8221; _builder_version=&#8221;3.2&#8243;]<br \/>\n&nbsp;<br \/>\n[\/et_pb_image][et_pb_text _builder_version=&#8221;3.0.86&#8243;]<br \/>\n<strong>CREP\u00daSCULO EN OSLO<\/strong><br \/>\nAnne Holt<br \/>\n[\/et_pb_text][\/et_pb_column][et_pb_column type=&#8221;1_6&#8243;][et_pb_image src=&#8221;http:\/\/www.plexo.edu.uy\/wp-content\/uploads\/2017\/11\/090.El-secreto-del-fuego.jpg&#8221; url=&#8221;http:\/\/www.plexo.edu.uy\/wp-content\/uploads\/2018\/08\/090.El-secreto-del-fuego-Henning-Mankell.epub&#8221; url_new_window=&#8221;on&#8221; _builder_version=&#8221;3.2&#8243;]<br \/>\n&nbsp;<br \/>\n[\/et_pb_image][et_pb_text _builder_version=&#8221;3.0.86&#8243;]<br \/>\n<strong>EL SECRETO DEL FUEGO<\/strong><br \/>\nHenning Mankell<br \/>\n[\/et_pb_text][\/et_pb_column][et_pb_column type=&#8221;1_6&#8243;][et_pb_image src=&#8221;http:\/\/www.plexo.edu.uy\/wp-content\/uploads\/2017\/11\/091.Los-hombres-que-no-amaban-a-las-mujeres.jpg&#8221; url=&#8221;http:\/\/www.plexo.edu.uy\/wp-content\/uploads\/2018\/08\/091.Los-hombres-que-no-amaban-a-las-Stieg-Larsson.epub&#8221; url_new_window=&#8221;on&#8221; _builder_version=&#8221;3.2&#8243;]<br \/>\n&nbsp;<br \/>\n[\/et_pb_image][et_pb_text _builder_version=&#8221;3.0.86&#8243;]<br \/>\n<strong>LOS HOMBRES QUE NO AMABAN A LAS MUJERES<\/strong><br \/>\nStieg Larsson<br \/>\n[\/et_pb_text][\/et_pb_column][et_pb_column type=&#8221;1_6&#8243;][et_pb_image src=&#8221;http:\/\/www.plexo.edu.uy\/wp-content\/uploads\/2017\/11\/092.La-chica-que-sonaba-con-una-cerilla-y-un-bidon-de-gasolina.jpg&#8221; url=&#8221;http:\/\/www.plexo.edu.uy\/wp-content\/uploads\/2018\/08\/092.La-chica-que-sonaba-con-una-cerilla-y-un-bidon-de-gasolina-Stieg-Larsson.epub&#8221; url_new_window=&#8221;on&#8221; _builder_version=&#8221;3.2&#8243;]<br \/>\n&nbsp;<br \/>\n[\/et_pb_image][et_pb_text _builder_version=&#8221;3.0.86&#8243;]<br \/>\n<strong>LA CHICA QUE SO\u00d1ABA CON UNA CERILLA Y UN BID\u00d3N DE GASOLINA<\/strong><br \/>\nStieg Larsson<br \/>\n[\/et_pb_text][\/et_pb_column][et_pb_column type=&#8221;1_6&#8243;][et_pb_image src=&#8221;http:\/\/www.plexo.edu.uy\/wp-content\/uploads\/2017\/11\/093.La-reina-en-el-palacio-de-las-corrientes-de-aire.jpg&#8221; url=&#8221;http:\/\/www.plexo.edu.uy\/wp-content\/uploads\/2018\/08\/093.La-reina-en-el-palacio-de-las-corrientes-de-aire-Stieg-Larsson.epub&#8221; url_new_window=&#8221;on&#8221; _builder_version=&#8221;3.2&#8243;]<br \/>\n&nbsp;<br \/>\n[\/et_pb_image][et_pb_text _builder_version=&#8221;3.0.86&#8243;]<br \/>\n<strong>LA REINA EN EL PALACIO DE LAS CORRIENTES DE AIRE<\/strong><br \/>\nStieg Larsson<br \/>\n[\/et_pb_text][\/et_pb_column][\/et_pb_row][et_pb_row custom_padding=&#8221;27px|0px|27px|0px&#8221; _builder_version=&#8221;3.0.47&#8243; background_size=&#8221;initial&#8221; background_position=&#8221;top_left&#8221; background_repeat=&#8221;repeat&#8221;][et_pb_column type=&#8221;1_6&#8243;][et_pb_image src=&#8221;http:\/\/www.plexo.edu.uy\/wp-content\/uploads\/2017\/11\/094.La-falsa-pista.jpg&#8221; url=&#8221;http:\/\/www.plexo.edu.uy\/wp-content\/uploads\/2018\/08\/094.La-falsa-pista-Henning-Mankell.epub&#8221; url_new_window=&#8221;on&#8221; _builder_version=&#8221;3.2&#8243;]<br \/>\n&nbsp;<br \/>\n[\/et_pb_image][et_pb_text _builder_version=&#8221;3.0.86&#8243;]<br \/>\n<strong>LA FALSA PISTA<\/strong><br \/>\nHenning Mankell<br \/>\n[\/et_pb_text][\/et_pb_column][et_pb_column type=&#8221;1_6&#8243;][et_pb_image src=&#8221;http:\/\/www.plexo.edu.uy\/wp-content\/uploads\/2017\/11\/095.Puerto-humano.jpg&#8221; url=&#8221;http:\/\/www.plexo.edu.uy\/wp-content\/uploads\/2018\/08\/095.Puerto-humano-John-Ajvide-Lindqvist.epub&#8221; url_new_window=&#8221;on&#8221; _builder_version=&#8221;3.2&#8243;]<br \/>\n&nbsp;<br \/>\n[\/et_pb_image][et_pb_text _builder_version=&#8221;3.0.86&#8243;]<br \/>\n<strong>PUERTO HUMANO<\/strong><br \/>\nJohn Ajvide Lindqvist<br \/>\n[\/et_pb_text][\/et_pb_column][et_pb_column type=&#8221;1_6&#8243;][\/et_pb_column][et_pb_column type=&#8221;1_6&#8243;][\/et_pb_column][et_pb_column type=&#8221;1_6&#8243;][\/et_pb_column][et_pb_column type=&#8221;1_6&#8243;][\/et_pb_column][\/et_pb_row][\/et_pb_section][et_pb_section bb_built=&#8221;1&#8243; _builder_version=&#8221;3.0.47&#8243; custom_padding=&#8221;0px|0px|0px|0px&#8221; prev_background_color=&#8221;#000000&#8243; next_background_color=&#8221;#000000&#8243;][et_pb_row custom_padding=&#8221;0px|0px|0px|0px&#8221; _builder_version=&#8221;3.0.47&#8243; background_size=&#8221;initial&#8221; background_position=&#8221;top_left&#8221; background_repeat=&#8221;repeat&#8221;][et_pb_column type=&#8221;4_4&#8243;][et_pb_divider color=&#8221;#898989&#8243; show_divider=&#8221;on&#8221; _builder_version=&#8221;3.0.86&#8243;]<br \/>\n&nbsp;<br \/>\n[\/et_pb_divider][\/et_pb_column][\/et_pb_row][et_pb_row custom_padding=&#8221;12px|0px|0px|0px&#8221; _builder_version=&#8221;3.0.47&#8243; background_size=&#8221;initial&#8221; background_position=&#8221;top_left&#8221; background_repeat=&#8221;repeat&#8221;][et_pb_column type=&#8221;4_4&#8243;][et_pb_text _builder_version=&#8221;3.0.86&#8243; module_alignment=&#8221;left&#8221;]<\/p>\n<h3>RUSIA<\/h3>\n<p>[\/et_pb_text][\/et_pb_column][\/et_pb_row][et_pb_row custom_padding=&#8221;27px|0px|0px|0px&#8221; _builder_version=&#8221;3.0.47&#8243; background_size=&#8221;initial&#8221; background_position=&#8221;top_left&#8221; background_repeat=&#8221;repeat&#8221;][et_pb_column type=&#8221;1_6&#8243;][et_pb_image src=&#8221;http:\/\/www.plexo.edu.uy\/wp-content\/uploads\/2017\/11\/096.Anna-Karenina.jpg&#8221; url=&#8221;http:\/\/www.plexo.edu.uy\/wp-content\/uploads\/2018\/08\/096.Anna-Karenina-Lev-Nikolaievich-Tolstoi.epub&#8221; url_new_window=&#8221;on&#8221; _builder_version=&#8221;3.2&#8243;]<br \/>\n&nbsp;<br \/>\n[\/et_pb_image][et_pb_text _builder_version=&#8221;3.0.86&#8243;]<br \/>\n<strong>ANNA KARENINA<\/strong><br \/>\nLev Nikolaievich Tolstoi<br \/>\n[\/et_pb_text][\/et_pb_column][et_pb_column type=&#8221;1_6&#8243;][et_pb_image src=&#8221;http:\/\/www.plexo.edu.uy\/wp-content\/uploads\/2017\/11\/097.Archipielago-Gulag-1918-1956.jpg&#8221; url=&#8221;http:\/\/www.plexo.edu.uy\/wp-content\/uploads\/2018\/08\/097.Archipielago-Gulag-1918-1956-Aleksandr-Solzhenitsyn.epub&#8221; url_new_window=&#8221;on&#8221; _builder_version=&#8221;3.2&#8243;]<br \/>\n&nbsp;<br \/>\n[\/et_pb_image][et_pb_text _builder_version=&#8221;3.0.86&#8243;]<br \/>\n<strong>ARCHIPI\u00c9LAGO GULAG, 1918-1956<\/strong><br \/>\nAleksandr Solzhenitsyn<br \/>\n[\/et_pb_text][\/et_pb_column][et_pb_column type=&#8221;1_6&#8243;][et_pb_image src=&#8221;http:\/\/www.plexo.edu.uy\/wp-content\/uploads\/2017\/11\/099.Crimen-y-castigo.jpg&#8221; url=&#8221;http:\/\/www.plexo.edu.uy\/wp-content\/uploads\/2018\/08\/099.Crimen-y-castigo-Fiodor-Dostoyevski.epub&#8221; url_new_window=&#8221;on&#8221; _builder_version=&#8221;3.2&#8243;]<br \/>\n&nbsp;<br \/>\n[\/et_pb_image][et_pb_text _builder_version=&#8221;3.0.86&#8243;]<br \/>\n<strong>CRIMEN Y CASTIGO<\/strong><br \/>\nFiodor Dostoyevski<br \/>\n[\/et_pb_text][\/et_pb_column][et_pb_column type=&#8221;1_6&#8243;][et_pb_image src=&#8221;http:\/\/www.plexo.edu.uy\/wp-content\/uploads\/2017\/11\/100.El-capote.jpg&#8221; url=&#8221;http:\/\/www.plexo.edu.uy\/wp-content\/uploads\/2018\/08\/100.El-capote-Nikolai-Gogol.epub&#8221; url_new_window=&#8221;on&#8221; _builder_version=&#8221;3.2&#8243;]<br \/>\n&nbsp;<br \/>\n[\/et_pb_image][et_pb_text _builder_version=&#8221;3.0.86&#8243;]<br \/>\n<strong>EL CAPOTE<\/strong><br \/>\nNikol\u00e1i G\u00f3gol<br \/>\n[\/et_pb_text][\/et_pb_column][et_pb_column type=&#8221;1_6&#8243;][et_pb_image src=&#8221;http:\/\/www.plexo.edu.uy\/wp-content\/uploads\/2017\/11\/101.El-idiota.jpg&#8221; url=&#8221;http:\/\/www.plexo.edu.uy\/wp-content\/uploads\/2018\/08\/101.El-idiota-Fiodor-Dostoyevski.epub&#8221; url_new_window=&#8221;on&#8221; _builder_version=&#8221;3.2&#8243;]<br \/>\n&nbsp;<br \/>\n[\/et_pb_image][et_pb_text _builder_version=&#8221;3.0.86&#8243;]<br \/>\n<strong>EL IDIOTA<\/strong><br \/>\nFiodor Dostoyevski<br \/>\n[\/et_pb_text][\/et_pb_column][et_pb_column type=&#8221;1_6&#8243;][et_pb_image src=&#8221;http:\/\/www.plexo.edu.uy\/wp-content\/uploads\/2017\/11\/102.Rasputin-Rusia-entre-Dios-y-el-diablo.jpg&#8221; url=&#8221;http:\/\/www.plexo.edu.uy\/wp-content\/uploads\/2018\/08\/102.Rasputin-Rusia-entre-Dios-y-el-diablo-Henri-Troyat.epub&#8221; url_new_window=&#8221;on&#8221; _builder_version=&#8221;3.2&#8243;]<br \/>\n&nbsp;<br \/>\n[\/et_pb_image][et_pb_text _builder_version=&#8221;3.0.86&#8243;]<br \/>\n<strong>RASPUT\u00cdN, RUSIA ENTRE DIOS Y EL DIABLO<\/strong><br \/>\nHenri Troyat<br \/>\n[\/et_pb_text][\/et_pb_column][\/et_pb_row][et_pb_row custom_padding=&#8221;27px|0px|80px|0px&#8221; _builder_version=&#8221;3.0.47&#8243; background_size=&#8221;initial&#8221; background_position=&#8221;top_left&#8221; background_repeat=&#8221;repeat&#8221;][et_pb_column type=&#8221;1_6&#8243;][et_pb_image src=&#8221;http:\/\/www.plexo.edu.uy\/wp-content\/uploads\/2017\/11\/103.Rebelion-en-la-granja.jpg&#8221; url=&#8221;http:\/\/www.plexo.edu.uy\/wp-content\/uploads\/2018\/08\/103.Rebelion-en-la-granja-George-Orwell.epub&#8221; url_new_window=&#8221;on&#8221; _builder_version=&#8221;3.2&#8243;]<br \/>\n&nbsp;<br \/>\n[\/et_pb_image][et_pb_text _builder_version=&#8221;3.0.86&#8243;]<br \/>\n<strong>REBELI\u00d3N EN LA GRANJA<\/strong><br \/>\nGeorge Orwell<br \/>\n[\/et_pb_text][\/et_pb_column][et_pb_column type=&#8221;1_6&#8243;][et_pb_image src=&#8221;http:\/\/www.plexo.edu.uy\/wp-content\/uploads\/2017\/11\/104.Relatos-del-alma-rusa.jpg&#8221; url=&#8221;http:\/\/www.plexo.edu.uy\/wp-content\/uploads\/2018\/08\/104.Relatos-del-alma-rusa-AA.-VV.epub&#8221; url_new_window=&#8221;on&#8221; _builder_version=&#8221;3.2&#8243;]<br \/>\n&nbsp;<br \/>\n[\/et_pb_image][et_pb_text _builder_version=&#8221;3.0.86&#8243;]<br \/>\n<strong>RELATOS DEL ALMA RUSA<\/strong><br \/>\nAA.VV.<br \/>\n[\/et_pb_text][\/et_pb_column][et_pb_column type=&#8221;1_6&#8243;][et_pb_image src=&#8221;http:\/\/www.plexo.edu.uy\/wp-content\/uploads\/2017\/11\/105.Taras-Bulba.jpg&#8221; url=&#8221;http:\/\/www.plexo.edu.uy\/wp-content\/uploads\/2018\/08\/105.Taras-Bulba-Nikolai-Gogol.epub&#8221; url_new_window=&#8221;on&#8221; _builder_version=&#8221;3.2&#8243;]<br \/>\n&nbsp;<br \/>\n[\/et_pb_image][et_pb_text _builder_version=&#8221;3.0.86&#8243;]<br \/>\n<strong>TARAS BULBA<\/strong><br \/>\nNikolai Gogol<br \/>\n[\/et_pb_text][\/et_pb_column][et_pb_column type=&#8221;1_6&#8243;][\/et_pb_column][et_pb_column type=&#8221;1_6&#8243;][\/et_pb_column][et_pb_column type=&#8221;1_6&#8243;][\/et_pb_column][\/et_pb_row][\/et_pb_section][et_pb_section bb_built=&#8221;1&#8243; _builder_version=&#8221;3.0.47&#8243; custom_padding=&#8221;0px|0px|0px|0px&#8221; prev_background_color=&#8221;#000000&#8243;][et_pb_row custom_padding=&#8221;0px|0px|0px|0px&#8221; _builder_version=&#8221;3.0.47&#8243; background_size=&#8221;initial&#8221; background_position=&#8221;top_left&#8221; background_repeat=&#8221;repeat&#8221;][et_pb_column type=&#8221;4_4&#8243;][et_pb_divider color=&#8221;#898989&#8243; show_divider=&#8221;on&#8221; _builder_version=&#8221;3.0.86&#8243;]<br \/>\n&nbsp;<br \/>\n[\/et_pb_divider][\/et_pb_column][\/et_pb_row][et_pb_row custom_padding=&#8221;71px|0px|90px|0px&#8221; _builder_version=&#8221;3.0.86&#8243;][et_pb_column type=&#8221;1_4&#8243;][et_pb_image src=&#8221;http:\/\/www.plexo.edu.uy\/wp-content\/uploads\/2017\/11\/1-3.jpg&#8221; url=&#8221;http:\/\/www.plexo.edu.uy\/lecturas-bloque-1\/&#8221; url_new_window=&#8221;off&#8221; _builder_version=&#8221;3.2&#8243; show_in_lightbox=&#8221;off&#8221; use_overlay=&#8221;off&#8221; always_center_on_mobile=&#8221;on&#8221; force_fullwidth=&#8221;off&#8221; show_bottom_space=&#8221;on&#8221;]<br \/>\n&nbsp;<br \/>\n[\/et_pb_image][et_pb_text _builder_version=&#8221;3.0.86&#8243; text_line_height=&#8221;2em&#8221; background_layout=&#8221;light&#8221;]<br \/>\n<a href=\"http:\/\/www.plexo.edu.uy\/lecturas-bloque-1\/\" rel=\"noopener\">Ir a lecturas bloque 1<\/a><br \/>\n[\/et_pb_text][\/et_pb_column][et_pb_column type=&#8221;1_4&#8243;][et_pb_image src=&#8221;http:\/\/www.plexo.edu.uy\/wp-content\/uploads\/2017\/11\/2-3.jpg&#8221; url=&#8221;http:\/\/www.plexo.edu.uy\/lecturas-bloque-2\/&#8221; url_new_window=&#8221;off&#8221; _builder_version=&#8221;3.0.86&#8243; show_in_lightbox=&#8221;off&#8221; use_overlay=&#8221;off&#8221; always_center_on_mobile=&#8221;on&#8221; force_fullwidth=&#8221;off&#8221; show_bottom_space=&#8221;on&#8221;]<br \/>\n&nbsp;<br \/>\n[\/et_pb_image][et_pb_text _builder_version=&#8221;3.0.86&#8243; text_line_height=&#8221;2em&#8221; background_layout=&#8221;light&#8221;]<br \/>\n<a href=\"http:\/\/www.plexo.edu.uy\/lecturas-bloque-2\/\" rel=\"noopener\">Ir a lecturas bloque 2<\/a><br \/>\n[\/et_pb_text][\/et_pb_column][et_pb_column type=&#8221;1_4&#8243;][et_pb_image src=&#8221;http:\/\/www.plexo.edu.uy\/wp-content\/uploads\/2017\/11\/4-3.jpg&#8221; url=&#8221;http:\/\/www.plexo.edu.uy\/lecturas-bloque-4\/&#8221; url_new_window=&#8221;off&#8221; _builder_version=&#8221;3.0.86&#8243; show_in_lightbox=&#8221;off&#8221; use_overlay=&#8221;off&#8221; always_center_on_mobile=&#8221;on&#8221; force_fullwidth=&#8221;off&#8221; show_bottom_space=&#8221;on&#8221;]<br \/>\n&nbsp;<br \/>\n[\/et_pb_image][et_pb_text _builder_version=&#8221;3.0.86&#8243; text_line_height=&#8221;2em&#8221; background_layout=&#8221;light&#8221;]<br \/>\n<a href=\"http:\/\/www.plexo.edu.uy\/lecturas-bloque-4\/\" rel=\"noopener\">Ir a lecturas bloque 4<\/a><br \/>\n[\/et_pb_text][\/et_pb_column][et_pb_column type=&#8221;1_4&#8243;][et_pb_image src=&#8221;http:\/\/www.plexo.edu.uy\/wp-content\/uploads\/2017\/11\/5-1.jpg&#8221; url=&#8221;http:\/\/www.plexo.edu.uy\/lecturas-5-historia\/&#8221; url_new_window=&#8221;off&#8221; _builder_version=&#8221;3.0.86&#8243; show_in_lightbox=&#8221;off&#8221; use_overlay=&#8221;off&#8221; always_center_on_mobile=&#8221;on&#8221; force_fullwidth=&#8221;off&#8221; show_bottom_space=&#8221;on&#8221;]<br \/>\n&nbsp;<br \/>\n[\/et_pb_image][et_pb_text _builder_version=&#8221;3.0.86&#8243; text_line_height=&#8221;2em&#8221; background_layout=&#8221;light&#8221;]<br \/>\n<a href=\"http:\/\/www.plexo.edu.uy\/lecturas-5-historia\/\" rel=\"noopener\">Ir a lecturas historia general<\/a><br \/>\n[\/et_pb_text][\/et_pb_column][\/et_pb_row][\/et_pb_section]<\/p>\n","protected":false},"excerpt":{"rendered":"<p>REINO UNIDO &nbsp; 1984 George Orwell &nbsp; EL D\u00cdA DE LOS TR\u00cdFIDOS John Wyndham &nbsp; EL RETRATO DE DORIAN GRAY Oscar Wilde &nbsp; HISTORIAS DE LONDRES Enric Gonz\u00e1lez &nbsp; LA NARANJA MEC\u00c1NICA Anthony Burgess &nbsp; LOS PILARES DE LA TIERRA Ken Follett &nbsp; TREN NOCTURNO Martin Amis &nbsp; ULISES James Joyce &nbsp; UN MUNDO FELIZ [&hellip;]<\/p>\n","protected":false},"author":1,"featured_media":0,"parent":0,"menu_order":0,"comment_status":"closed","ping_status":"closed","template":"","meta":{"_et_pb_use_builder":"on","_et_pb_old_content":"","_et_gb_content_width":""},"_links":{"self":[{"href":"https:\/\/viaje18.plexo.edu.uy\/index.php\/wp-json\/wp\/v2\/pages\/3011"}],"collection":[{"href":"https:\/\/viaje18.plexo.edu.uy\/index.php\/wp-json\/wp\/v2\/pages"}],"about":[{"href":"https:\/\/viaje18.plexo.edu.uy\/index.php\/wp-json\/wp\/v2\/types\/page"}],"author":[{"embeddable":true,"href":"https:\/\/viaje18.plexo.edu.uy\/index.php\/wp-json\/wp\/v2\/users\/1"}],"replies":[{"embeddable":true,"href":"https:\/\/viaje18.plexo.edu.uy\/index.php\/wp-json\/wp\/v2\/comments?post=3011"}],"version-history":[{"count":0,"href":"https:\/\/viaje18.plexo.edu.uy\/index.php\/wp-json\/wp\/v2\/pages\/3011\/revisions"}],"wp:attachment":[{"href":"https:\/\/viaje18.plexo.edu.uy\/index.php\/wp-json\/wp\/v2\/media?parent=3011"}],"curies":[{"name":"wp","href":"https:\/\/api.w.org\/{rel}","templated":true}]}}