{"id":38,"date":"2017-09-06T17:11:17","date_gmt":"2017-09-06T17:11:17","guid":{"rendered":"http:\/\/www.plexo.edu.uy\/?page_id=38"},"modified":"2022-03-30T19:14:33","modified_gmt":"2022-03-30T19:14:33","slug":"inicio","status":"publish","type":"page","link":"https:\/\/viaje18.plexo.edu.uy\/","title":{"rendered":"Inicio"},"content":{"rendered":"<p>[et_pb_section fb_built=&#8221;1&#8243; fullwidth=&#8221;on&#8221; _builder_version=&#8221;4.15&#8243; collapsed=&#8221;off&#8221; global_colors_info=&#8221;{}&#8221; theme_builder_area=&#8221;post_content&#8221;][et_pb_fullwidth_slider _builder_version=&#8221;4.15&#8243; auto=&#8221;on&#8221; global_colors_info=&#8221;{}&#8221; theme_builder_area=&#8221;post_content&#8221;][et_pb_slide heading=&#8221;Publicaci\u00f3n del libro que cierra un ciclo&#8221; button_text=&#8221;VER&#8221; button_link=&#8221;http:\/\/viaje18.plexo.edu.uy\/project\/regram-plexo\/&#8221; image=&#8221;http:\/\/viaje18.plexo.edu.uy\/wp-content\/uploads\/2022\/03\/regram_diapo2-copia.png&#8221; use_bg_overlay=&#8221;on&#8221; _builder_version=&#8221;4.15&#8243; background_enable_color=&#8221;off&#8221; background_image=&#8221;http:\/\/viaje18.plexo.edu.uy\/wp-content\/uploads\/2022\/03\/plexo_portada_axo_afiche.jpg&#8221; background_enable_image=&#8221;on&#8221; global_colors_info=&#8221;{}&#8221; sticky_transition=&#8221;on&#8221; theme_builder_area=&#8221;post_content&#8221;][\/et_pb_slide][\/et_pb_fullwidth_slider][\/et_pb_section][et_pb_section fb_built=&#8221;1&#8243; admin_label=&#8221;PRESENTACION&#8221; _builder_version=&#8221;4.15&#8243; collapsed=&#8221;on&#8221; global_colors_info=&#8221;{}&#8221; theme_builder_area=&#8221;post_content&#8221;][et_pb_row _builder_version=&#8221;4.15&#8243; collapsed=&#8221;off&#8221; global_colors_info=&#8221;{}&#8221; theme_builder_area=&#8221;post_content&#8221;][et_pb_column type=&#8221;4_4&#8243; _builder_version=&#8221;4.15&#8243; global_colors_info=&#8221;{}&#8221; theme_builder_area=&#8221;post_content&#8221;][et_pb_text _builder_version=&#8221;4.15&#8243; global_colors_info=&#8221;{}&#8221; theme_builder_area=&#8221;post_content&#8221;]<\/p>\n<h2 style=\"text-align: center;\">Proyecto Acad\u00e9mico del Viaje de Arquitectura 2018 :: FADU\/UDELAR<\/h2>\n<p>[\/et_pb_text][\/et_pb_column][\/et_pb_row][et_pb_row column_structure=&#8221;1_3,1_3,1_3&#8243; _builder_version=&#8221;4.15&#8243; global_colors_info=&#8221;{}&#8221; theme_builder_area=&#8221;post_content&#8221;][et_pb_column type=&#8221;1_3&#8243; _builder_version=&#8221;4.15&#8243; global_colors_info=&#8221;{}&#8221; theme_builder_area=&#8221;post_content&#8221;][et_pb_text _builder_version=&#8221;4.15&#8243; global_colors_info=&#8221;{}&#8221; theme_builder_area=&#8221;post_content&#8221;]<\/p>\n<p><span style=\"font-weight: 400;\">Plexo es una red de interconexiones, de mallas superpuestas y de puntos nodales que definen una trama compleja.<\/span><\/p>\n<p><span style=\"font-weight: 400;\">La Teor\u00eda de Juegos es el estudio del impacto de las decisiones propias en los dem\u00e1s actores involucrados, dentro de un mismo entorno.\u00a0<\/span><\/p>\n<p>[\/et_pb_text][\/et_pb_column][et_pb_column type=&#8221;1_3&#8243; _builder_version=&#8221;4.15&#8243; global_colors_info=&#8221;{}&#8221; theme_builder_area=&#8221;post_content&#8221;][et_pb_text _builder_version=&#8221;4.15&#8243; global_colors_info=&#8221;{}&#8221; theme_builder_area=&#8221;post_content&#8221;]<\/p>\n<p><span style=\"font-weight: 400;\">La trama de lo l\u00fadico se extiende as\u00ed dentro de Plexo, uniendo, separando y fusionando nodos.<\/span><\/p>\n<p><span style=\"font-weight: 400;\">El Viaje tiene pues una din\u00e1mica l\u00fadica: es una v\u00eda de conocimiento, de apropiaci\u00f3n y de toma permanente de decisiones, que involucran y repercuten en todo el colectivo.<\/span><\/p>\n<p>[\/et_pb_text][\/et_pb_column][et_pb_column type=&#8221;1_3&#8243; _builder_version=&#8221;4.15&#8243; global_colors_info=&#8221;{}&#8221; theme_builder_area=&#8221;post_content&#8221;][et_pb_text _builder_version=&#8221;4.15&#8243; global_colors_info=&#8221;{}&#8221; theme_builder_area=&#8221;post_content&#8221;]<\/p>\n<p><span style=\"font-weight: 400;\">La l\u00f3gica del juego da sentido al viaje, lo define y lo crea. Da lugar as\u00ed a una metodolog\u00eda l\u00fadica de aproximaci\u00f3n al territorio, de acercamiento a arquitecturas, ciudades, y geograf\u00edas; donde cada nodo -cada viajero- construye su propia mirada en una interacci\u00f3n permanente con la trama que lo contiene.<\/span><\/p>\n<p>[\/et_pb_text][\/et_pb_column][\/et_pb_row][\/et_pb_section][et_pb_section fb_built=&#8221;1&#8243; admin_label=&#8221;VIMEO 2018&#8243; _builder_version=&#8221;4.15&#8243; custom_margin=&#8221;0px|||&#8221; custom_padding=&#8221;0px|||&#8221; collapsed=&#8221;on&#8221; global_colors_info=&#8221;{}&#8221; theme_builder_area=&#8221;post_content&#8221;][et_pb_row column_structure=&#8221;2_3,1_3&#8243; _builder_version=&#8221;4.15&#8243; background_size=&#8221;initial&#8221; background_position=&#8221;top_left&#8221; background_repeat=&#8221;repeat&#8221; global_colors_info=&#8221;{}&#8221; theme_builder_area=&#8221;post_content&#8221;][et_pb_column type=&#8221;2_3&#8243; _builder_version=&#8221;4.15&#8243; custom_padding=&#8221;|||&#8221; global_colors_info=&#8221;{}&#8221; custom_padding__hover=&#8221;|||&#8221; theme_builder_area=&#8221;post_content&#8221;][et_pb_video_slider show_image_overlay=&#8221;on&#8221; controls_color=&#8221;light&#8221; _builder_version=&#8221;4.15&#8243; box_shadow_style=&#8221;preset3&#8243; global_colors_info=&#8221;{}&#8221; theme_builder_area=&#8221;post_content&#8221;][et_pb_video_slider_item src=&#8221;https:\/\/vimeo.com\/256799998&#8243; _builder_version=&#8221;3.0.106&#8243; global_colors_info=&#8221;{}&#8221; theme_builder_area=&#8221;post_content&#8221;][\/et_pb_video_slider_item][et_pb_video_slider_item src=&#8221;https:\/\/vimeo.com\/257763978&#8243; _builder_version=&#8221;3.0.106&#8243; global_colors_info=&#8221;{}&#8221; theme_builder_area=&#8221;post_content&#8221;][\/et_pb_video_slider_item][et_pb_video_slider_item src=&#8221;https:\/\/vimeo.com\/256810669&#8243; _builder_version=&#8221;3.0.106&#8243; global_colors_info=&#8221;{}&#8221; theme_builder_area=&#8221;post_content&#8221;][\/et_pb_video_slider_item][et_pb_video_slider_item src=&#8221;https:\/\/vimeo.com\/256461474&#8243; _builder_version=&#8221;3.0.106&#8243; global_colors_info=&#8221;{}&#8221; theme_builder_area=&#8221;post_content&#8221;][\/et_pb_video_slider_item][et_pb_video_slider_item src=&#8221;https:\/\/vimeo.com\/258097764&#8243; _builder_version=&#8221;3.0.106&#8243; global_colors_info=&#8221;{}&#8221; theme_builder_area=&#8221;post_content&#8221;][\/et_pb_video_slider_item][et_pb_video_slider_item src=&#8221;https:\/\/vimeo.com\/258825523&#8243; _builder_version=&#8221;3.0.106&#8243; global_colors_info=&#8221;{}&#8221; theme_builder_area=&#8221;post_content&#8221;][\/et_pb_video_slider_item][et_pb_video_slider_item src=&#8221;https:\/\/vimeo.com\/260089877&#8243; _builder_version=&#8221;3.0.106&#8243; global_colors_info=&#8221;{}&#8221; theme_builder_area=&#8221;post_content&#8221;][\/et_pb_video_slider_item][et_pb_video_slider_item src=&#8221;https:\/\/vimeo.com\/261201977&#8243; _builder_version=&#8221;3.0.106&#8243; global_colors_info=&#8221;{}&#8221; theme_builder_area=&#8221;post_content&#8221;][\/et_pb_video_slider_item][et_pb_video_slider_item src=&#8221;https:\/\/vimeo.com\/261316409&#8243; _builder_version=&#8221;3.0.106&#8243; global_colors_info=&#8221;{}&#8221; theme_builder_area=&#8221;post_content&#8221;][\/et_pb_video_slider_item][et_pb_video_slider_item src=&#8221;https:\/\/vimeo.com\/262996104&#8243; _builder_version=&#8221;3.0.106&#8243; global_colors_info=&#8221;{}&#8221; theme_builder_area=&#8221;post_content&#8221;][\/et_pb_video_slider_item][et_pb_video_slider_item src=&#8221;https:\/\/vimeo.com\/262991493&#8243; _builder_version=&#8221;3.0.106&#8243; global_colors_info=&#8221;{}&#8221; theme_builder_area=&#8221;post_content&#8221;][\/et_pb_video_slider_item][et_pb_video_slider_item src=&#8221;https:\/\/vimeo.com\/263949508&#8243; _builder_version=&#8221;3.0.106&#8243; global_colors_info=&#8221;{}&#8221; theme_builder_area=&#8221;post_content&#8221;][\/et_pb_video_slider_item][\/et_pb_video_slider][\/et_pb_column][et_pb_column type=&#8221;1_3&#8243; _builder_version=&#8221;4.15&#8243; custom_padding=&#8221;|||&#8221; global_colors_info=&#8221;{}&#8221; custom_padding__hover=&#8221;|||&#8221; theme_builder_area=&#8221;post_content&#8221;][et_pb_text _builder_version=&#8221;4.15&#8243; global_colors_info=&#8221;{}&#8221; theme_builder_area=&#8221;post_content&#8221;]<\/p>\n<h5>PLEXO Keynotes 2018<\/h5>\n<hr \/>\n<ul>\n<li>&#8220;JAPAN. La invenci\u00f3n de un universo insular y en espansi\u00f3n&#8221;. Diego Capandeguy + Federico Gastambide<\/li>\n<li>&#8220;Viaje, etnograf\u00eda y arquitectura. Comunicar la experiencia de la espacialidad&#8221;. Eduardo \u00c1lvarez Pedrosian<\/li>\n<li>&#8220;Un c\u00f3digo gr\u00e1fico. 100 obras de arquitectura&#8221;. Alejandro Folga<\/li>\n<li>&#8220;Arquitectura param\u00e9trica. A=F(p)&#8221;. Marcelo Payss\u00e9<\/li>\n<li>&#8220;Claves modernas&#8221;. Gustavo Hiriart<\/li>\n<li>&#8220;NL. Paisajes infraestructurales &#8211; Arquitecturas experimentales&#8221;. Mart\u00edn Delgado<\/li>\n<li>&#8220;Tipos y transformaciones urbanas&#8221;. Eduardo Folco<\/li>\n<li>&#8220;Estrategias para registrar y compartir tus viajes en blogs y redes sociales&#8221;. Carina Fossati<\/li>\n<li>&#8220;Un viaje a tu medida&#8221;. Hermanos Kronfeld<\/li>\n<li>&#8220;SXX Patrimonio en debate&#8221;. Carola Romay<\/li>\n<li>&#8220;Madrid y Castilla&#8221;. Alejandro Ferraz-Leite<\/li>\n<li>&#8220;M\u00e9xico. Culturas h\u00edbridas y experiencia metropolitana&#8221;. Salvador Schelotto<\/li>\n<\/ul>\n<p>[\/et_pb_text][\/et_pb_column][\/et_pb_row][\/et_pb_section][et_pb_section fb_built=&#8221;1&#8243; prev_background_color=&#8221;#ffffff&#8221; next_background_color=&#8221;#ffffff&#8221; admin_label=&#8221;PROYECTO ACADEMICO &#8211; VIAJEROS &#8211; EDD&#8221; _builder_version=&#8221;4.15&#8243; background_color=&#8221;#dbdbdb&#8221; top_divider_style=&#8221;slant2&#8243; top_divider_height=&#8221;34px&#8221; bottom_divider_style=&#8221;slant2&#8243; bottom_divider_height=&#8221;35px&#8221; collapsed=&#8221;on&#8221; global_colors_info=&#8221;{}&#8221; theme_builder_area=&#8221;post_content&#8221;][et_pb_row column_structure=&#8221;1_3,1_3,1_3&#8243; _builder_version=&#8221;4.15&#8243; collapsed=&#8221;off&#8221; global_colors_info=&#8221;{}&#8221; theme_builder_area=&#8221;post_content&#8221;][et_pb_column type=&#8221;1_3&#8243; _builder_version=&#8221;4.15&#8243; global_colors_info=&#8221;{}&#8221; theme_builder_area=&#8221;post_content&#8221;][et_pb_text _builder_version=&#8221;4.15&#8243; global_colors_info=&#8221;{}&#8221; theme_builder_area=&#8221;post_content&#8221;]<\/p>\n<h4 style=\"text-align: center;\">Proyecto Acad\u00e9mico<\/h4>\n<p>[\/et_pb_text][et_pb_image src=&#8221;http:\/\/viaje18.plexo.edu.uy\/wp-content\/uploads\/2022\/03\/camioneta_byn.jpg&#8221; url=&#8221;http:\/\/viaje18.plexo.edu.uy\/proyecto-academico\/&#8221; _builder_version=&#8221;4.15&#8243; box_shadow_style=&#8221;preset3&#8243; global_colors_info=&#8221;{}&#8221; theme_builder_area=&#8221;post_content&#8221;][\/et_pb_image][\/et_pb_column][et_pb_column type=&#8221;1_3&#8243; _builder_version=&#8221;4.15&#8243; global_colors_info=&#8221;{}&#8221; theme_builder_area=&#8221;post_content&#8221;][et_pb_text _builder_version=&#8221;4.15&#8243; global_colors_info=&#8221;{}&#8221; theme_builder_area=&#8221;post_content&#8221;]<\/p>\n<h4 style=\"text-align: center;\">Viajeros de la Generaci\u00f3n 2011<\/h4>\n<p>[\/et_pb_text][et_pb_image src=&#8221;http:\/\/viaje18.plexo.edu.uy\/wp-content\/uploads\/2022\/03\/Estudiantes-Gen-2011-BN.jpg&#8221; url=&#8221;http:\/\/viaje18.plexo.edu.uy\/proyecto-academico\/estudiantes-gen-2011\/&#8221; _builder_version=&#8221;4.15&#8243; box_shadow_style=&#8221;preset3&#8243; global_colors_info=&#8221;{}&#8221; theme_builder_area=&#8221;post_content&#8221;][\/et_pb_image][\/et_pb_column][et_pb_column type=&#8221;1_3&#8243; _builder_version=&#8221;4.15&#8243; global_colors_info=&#8221;{}&#8221; theme_builder_area=&#8221;post_content&#8221;][et_pb_text _builder_version=&#8221;4.15&#8243; global_colors_info=&#8221;{}&#8221; theme_builder_area=&#8221;post_content&#8221;]<\/p>\n<h4 style=\"text-align: center;\">Equipo Docente Director<\/h4>\n<p>[\/et_pb_text][et_pb_image src=&#8221;http:\/\/viaje18.plexo.edu.uy\/wp-content\/uploads\/2022\/03\/EDD-Plexo-low-res.jpg&#8221; url=&#8221;http:\/\/viaje18.plexo.edu.uy\/proyecto-academico\/equipo-docente\/&#8221; _builder_version=&#8221;4.15&#8243; box_shadow_style=&#8221;preset3&#8243; global_colors_info=&#8221;{}&#8221; theme_builder_area=&#8221;post_content&#8221;][\/et_pb_image][\/et_pb_column][\/et_pb_row][\/et_pb_section][et_pb_section fb_built=&#8221;1&#8243; admin_label=&#8221;VIMEO 2017&#8243; _builder_version=&#8221;4.15&#8243; collapsed=&#8221;on&#8221; global_colors_info=&#8221;{}&#8221; theme_builder_area=&#8221;post_content&#8221;][et_pb_row column_structure=&#8221;2_3,1_3&#8243; _builder_version=&#8221;4.15&#8243; global_colors_info=&#8221;{}&#8221; theme_builder_area=&#8221;post_content&#8221;][et_pb_column type=&#8221;2_3&#8243; _builder_version=&#8221;4.15&#8243; custom_padding=&#8221;|||&#8221; global_colors_info=&#8221;{}&#8221; custom_padding__hover=&#8221;|||&#8221; theme_builder_area=&#8221;post_content&#8221;][et_pb_video_slider show_image_overlay=&#8221;on&#8221; controls_color=&#8221;light&#8221; _builder_version=&#8221;4.15&#8243; global_colors_info=&#8221;{}&#8221; theme_builder_area=&#8221;post_content&#8221;][et_pb_video_slider_item src=&#8221;https:\/\/vimeo.com\/242225628&#8243; _builder_version=&#8221;3.0.101&#8243; global_colors_info=&#8221;{}&#8221; theme_builder_area=&#8221;post_content&#8221;][\/et_pb_video_slider_item][et_pb_video_slider_item src=&#8221;https:\/\/vimeo.com\/256110344&#8243; _builder_version=&#8221;3.0.101&#8243; global_colors_info=&#8221;{}&#8221; theme_builder_area=&#8221;post_content&#8221;][\/et_pb_video_slider_item][et_pb_video_slider_item src=&#8221;https:\/\/vimeo.com\/255420468&#8243; _builder_version=&#8221;3.0.101&#8243; global_colors_info=&#8221;{}&#8221; theme_builder_area=&#8221;post_content&#8221;][\/et_pb_video_slider_item][et_pb_video_slider_item src=&#8221;https:\/\/vimeo.com\/241509459&#8243; _builder_version=&#8221;3.0.101&#8243; global_colors_info=&#8221;{}&#8221; theme_builder_area=&#8221;post_content&#8221;][\/et_pb_video_slider_item][et_pb_video_slider_item src=&#8221;https:\/\/vimeo.com\/255569615&#8243; _builder_version=&#8221;3.0.101&#8243; global_colors_info=&#8221;{}&#8221; theme_builder_area=&#8221;post_content&#8221;][\/et_pb_video_slider_item][et_pb_video_slider_item src=&#8221;https:\/\/vimeo.com\/241171524&#8243; _builder_version=&#8221;3.0.101&#8243; global_colors_info=&#8221;{}&#8221; theme_builder_area=&#8221;post_content&#8221;][\/et_pb_video_slider_item][et_pb_video_slider_item src=&#8221;https:\/\/vimeo.com\/256103869&#8243; _builder_version=&#8221;3.0.101&#8243; global_colors_info=&#8221;{}&#8221; theme_builder_area=&#8221;post_content&#8221;][\/et_pb_video_slider_item][\/et_pb_video_slider][\/et_pb_column][et_pb_column type=&#8221;1_3&#8243; _builder_version=&#8221;4.15&#8243; custom_padding=&#8221;|||&#8221; global_colors_info=&#8221;{}&#8221; custom_padding__hover=&#8221;|||&#8221; theme_builder_area=&#8221;post_content&#8221;][et_pb_text _builder_version=&#8221;4.15&#8243; global_colors_info=&#8221;{}&#8221; theme_builder_area=&#8221;post_content&#8221;]<\/p>\n<h5>Conferencias del curso &#8220;Ciudad ampliada&#8221; (2017)<\/h5>\n<hr \/>\n<ul>\n<li>&#8220;China. Drag\u00f3n despertando&#8221;. Arq. \u00c1lvaro M\u00e1rques<\/li>\n<li>&#8220;Cool Jap\u00e1n. Visiones sobre la arquitectura del Jap\u00f3n contempor\u00e1neo&#8221;. Arq. Pablo Can\u00e9n<\/li>\n<li>&#8220;Barcelona&#8221;. Dr. Arq. Jorge Nudelman<\/li>\n<li>&#8220;USA. Relatos de ciudad. Parte I&#8221;. Arq. Pablo Can\u00e9n<\/li>\n<li>&#8220;Aldea l\u00fadica&#8221;. Mg. Arq. Alberto De Austria<\/li>\n<li>&#8220;Bosquejos para una etnograf\u00eda de la apropiaci\u00f3n tur\u00edstica del espacio&#8221;. Dr. Sergio Yanes<\/li>\n<li>&#8220;La ciudad como pol\u00edtica. Los modos de infraestructuraci\u00f3n de la vida com\u00fan&#8221;. Dr. Gonzalo Correa<\/li>\n<li>&#8220;Poder y urbanismo. La configuraci\u00f3n urbana en el mundo antiguo&#8221;. Dr. Carlos Mar\u00edn<\/li>\n<\/ul>\n<p>[\/et_pb_text][\/et_pb_column][\/et_pb_row][\/et_pb_section][et_pb_section fb_built=&#8221;1&#8243; prev_background_color=&#8221;#ffffff&#8221; admin_label=&#8221;INSUMOS&#8221; _builder_version=&#8221;4.15&#8243; background_color=&#8221;#dddddd&#8221; custom_margin=&#8221;||||false|false&#8221; custom_padding=&#8221;||||false|false&#8221; top_divider_style=&#8221;slant2&#8243; top_divider_height=&#8221;36px&#8221; top_divider_flip=&#8221;horizontal&#8221; bottom_divider_height=&#8221;50px&#8221; collapsed=&#8221;on&#8221; global_colors_info=&#8221;{}&#8221; theme_builder_area=&#8221;post_content&#8221;][et_pb_row column_structure=&#8221;1_6,1_6,1_6,1_6,1_6,1_6&#8243; _builder_version=&#8221;4.15&#8243; global_colors_info=&#8221;{}&#8221; theme_builder_area=&#8221;post_content&#8221;][et_pb_column type=&#8221;1_6&#8243; _builder_version=&#8221;4.15&#8243; global_colors_info=&#8221;{}&#8221; theme_builder_area=&#8221;post_content&#8221;][et_pb_text _builder_version=&#8221;4.15&#8243; global_colors_info=&#8221;{}&#8221; theme_builder_area=&#8221;post_content&#8221;]<\/p>\n<p><a href=\"http:\/\/viaje18.plexo.edu.uy\/insumos\/playlists\/\"><img loading=\"lazy\" class=\"wp-image-3894 aligncenter size-full\" src=\"http:\/\/viaje18.plexo.edu.uy\/wp-content\/uploads\/2022\/03\/noun_340317_cc.png\" alt=\"\" width=\"700\" height=\"700\" \/><\/a><\/p>\n<h4 style=\"text-align: center;\">Playlists<\/h4>\n<p>[\/et_pb_text][\/et_pb_column][et_pb_column type=&#8221;1_6&#8243; _builder_version=&#8221;4.15&#8243; global_colors_info=&#8221;{}&#8221; theme_builder_area=&#8221;post_content&#8221;][et_pb_text admin_label=&#8221;Texto&#8221; _builder_version=&#8221;4.15&#8243; global_colors_info=&#8221;{}&#8221; theme_builder_area=&#8221;post_content&#8221;]<\/p>\n<p><a href=\"http:\/\/viaje18.plexo.edu.uy\/insumos\/guias-de-viaje\/\"><img loading=\"lazy\" class=\"wp-image-3905 aligncenter size-full\" src=\"http:\/\/viaje18.plexo.edu.uy\/wp-content\/uploads\/2022\/03\/noun_192674_cc-1.png\" alt=\"\" width=\"700\" height=\"700\" \/><\/a><\/p>\n<h4 style=\"text-align: center;\">Gu\u00edas de viaje<\/h4>\n<p>[\/et_pb_text][\/et_pb_column][et_pb_column type=&#8221;1_6&#8243; _builder_version=&#8221;4.15&#8243; global_colors_info=&#8221;{}&#8221; theme_builder_area=&#8221;post_content&#8221;][et_pb_text _builder_version=&#8221;4.15&#8243; global_colors_info=&#8221;{}&#8221; theme_builder_area=&#8221;post_content&#8221;]<\/p>\n<p><a href=\"http:\/\/viaje18.plexo.edu.uy\/insumos\/lecturas-de-interes\/\"><img loading=\"lazy\" class=\"wp-image-3898 aligncenter size-full\" src=\"http:\/\/viaje18.plexo.edu.uy\/wp-content\/uploads\/2022\/03\/noun_1355168_cc.png\" alt=\"\" width=\"700\" height=\"700\" \/><\/a><\/p>\n<h4 style=\"text-align: center;\">Lecturas de inter\u00e9s<\/h4>\n<p>[\/et_pb_text][\/et_pb_column][et_pb_column type=&#8221;1_6&#8243; _builder_version=&#8221;4.15&#8243; global_colors_info=&#8221;{}&#8221; theme_builder_area=&#8221;post_content&#8221;][et_pb_text _builder_version=&#8221;4.15&#8243; global_colors_info=&#8221;{}&#8221; theme_builder_area=&#8221;post_content&#8221;]<\/p>\n<p><a href=\"http:\/\/viaje18.plexo.edu.uy\/insumos\/audiovisuales\/\"><img loading=\"lazy\" class=\"wp-image-3902 aligncenter size-full\" src=\"http:\/\/viaje18.plexo.edu.uy\/wp-content\/uploads\/2022\/03\/noun_1255281_cc-1.png\" alt=\"\" width=\"700\" height=\"700\" \/><\/a><\/p>\n<h4 style=\"text-align: center;\">Audiovisuales<\/h4>\n<p>[\/et_pb_text][\/et_pb_column][et_pb_column type=&#8221;1_6&#8243; _builder_version=&#8221;4.15&#8243; global_colors_info=&#8221;{}&#8221; theme_builder_area=&#8221;post_content&#8221;][et_pb_text admin_label=&#8221;Texto&#8221; _builder_version=&#8221;4.15&#8243; link_option_url=&#8221;http:\/\/viaje18.plexo.edu.uy\/insumos\/mapas-y-georreferencias\/&#8221; global_colors_info=&#8221;{}&#8221; theme_builder_area=&#8221;post_content&#8221;]<\/p>\n<p><img loading=\"lazy\" class=\"wp-image-3895 aligncenter size-full\" src=\"http:\/\/viaje18.plexo.edu.uy\/wp-content\/uploads\/2022\/03\/noun_527479_cc.png\" alt=\"\" width=\"700\" height=\"700\" \/><\/p>\n<h4 style=\"text-align: center;\">Mapas y georeferencias<\/h4>\n<p>[\/et_pb_text][\/et_pb_column][et_pb_column type=&#8221;1_6&#8243; _builder_version=&#8221;4.15&#8243; global_colors_info=&#8221;{}&#8221; theme_builder_area=&#8221;post_content&#8221;][et_pb_text _builder_version=&#8221;4.15&#8243; link_option_url=&#8221;http:\/\/viaje18.plexo.edu.uy\/insumos\/apps-de-viaje\/&#8221; global_colors_info=&#8221;{}&#8221; theme_builder_area=&#8221;post_content&#8221;]<\/p>\n<p><img loading=\"lazy\" class=\"wp-image-3881 aligncenter size-full\" src=\"http:\/\/viaje18.plexo.edu.uy\/wp-content\/uploads\/2022\/03\/noun_1303888_cc-e1514396202721.png\" alt=\"\" width=\"200\" height=\"200\" \/><\/p>\n<h4 style=\"text-align: center;\">Apps de viaje<\/h4>\n<p>[\/et_pb_text][\/et_pb_column][\/et_pb_row][\/et_pb_section]<\/p>\n","protected":false},"excerpt":{"rendered":"<p>PLEXO Territorios L\u00fadicos es responsable del Proyecto acad\u00e9mico del Viaje de Arquitectura de la Generaci\u00f3n 2011 de la Facultad de Arquitectura, Dise\u00f1o y Urbanismo de la UDELAR<\/p>\n","protected":false},"author":1,"featured_media":40,"parent":0,"menu_order":0,"comment_status":"closed","ping_status":"closed","template":"","meta":{"_et_pb_use_builder":"on","_et_pb_old_content":"","_et_gb_content_width":""},"_links":{"self":[{"href":"https:\/\/viaje18.plexo.edu.uy\/index.php\/wp-json\/wp\/v2\/pages\/38"}],"collection":[{"href":"https:\/\/viaje18.plexo.edu.uy\/index.php\/wp-json\/wp\/v2\/pages"}],"about":[{"href":"https:\/\/viaje18.plexo.edu.uy\/index.php\/wp-json\/wp\/v2\/types\/page"}],"author":[{"embeddable":true,"href":"https:\/\/viaje18.plexo.edu.uy\/index.php\/wp-json\/wp\/v2\/users\/1"}],"replies":[{"embeddable":true,"href":"https:\/\/viaje18.plexo.edu.uy\/index.php\/wp-json\/wp\/v2\/comments?post=38"}],"version-history":[{"count":1,"href":"https:\/\/viaje18.plexo.edu.uy\/index.php\/wp-json\/wp\/v2\/pages\/38\/revisions"}],"predecessor-version":[{"id":7209,"href":"https:\/\/viaje18.plexo.edu.uy\/index.php\/wp-json\/wp\/v2\/pages\/38\/revisions\/7209"}],"wp:featuredmedia":[{"embeddable":true,"href":"https:\/\/viaje18.plexo.edu.uy\/index.php\/wp-json\/"}],"wp:attachment":[{"href":"https:\/\/viaje18.plexo.edu.uy\/index.php\/wp-json\/wp\/v2\/media?parent=38"}],"curies":[{"name":"wp","href":"https:\/\/api.w.org\/{rel}","templated":true}]}}