{"id":59,"date":"2017-09-06T17:53:36","date_gmt":"2017-09-06T17:53:36","guid":{"rendered":"http:\/\/www.plexo.edu.uy\/?page_id=59"},"modified":"2017-09-06T17:53:36","modified_gmt":"2017-09-06T17:53:36","slug":"equipo-docente","status":"publish","type":"page","link":"https:\/\/viaje18.plexo.edu.uy\/index.php\/proyecto-academico\/equipo-docente\/","title":{"rendered":"Equipo Docente"},"content":{"rendered":"<p>[et_pb_section fb_built=&#8221;1&#8243; module_id=&#8221;#bloque1&#8243; _builder_version=&#8221;3.0.71&#8243; custom_padding=&#8221;0px|||&#8221;][et_pb_row _builder_version=&#8221;3.0.48&#8243; background_size=&#8221;initial&#8221; background_position=&#8221;top_left&#8221; background_repeat=&#8221;repeat&#8221;][et_pb_column type=&#8221;4_4&#8243; _builder_version=&#8221;3.0.47&#8243; parallax=&#8221;off&#8221; parallax_method=&#8221;on&#8221;][et_pb_text _builder_version=&#8221;3.0.87&#8243; module_alignment=&#8221;left&#8221; border_style=&#8221;solid&#8221;]Presentaci\u00f3n de los integrantes del Equipo Docente Director del Espacio de Formaci\u00f3n Integral (EFI) PLEXO para el viaje acad\u00e9mico del a\u00f1o 2018.<\/p>\n<hr \/>\n<p>&nbsp;<br \/>\n[\/et_pb_text][\/et_pb_column][\/et_pb_row][et_pb_row background_repeat_1=&#8221;no-repeat&#8221; _builder_version=&#8221;3.0.71&#8243; background_color=&#8221;#e2e2e2&#8243; background_size=&#8221;initial&#8221; background_position=&#8221;top_left&#8221; background_repeat=&#8221;repeat&#8221;][et_pb_column type=&#8221;4_4&#8243; _builder_version=&#8221;3.0.47&#8243; parallax=&#8221;off&#8221; parallax_method=&#8221;on&#8221; background_repeat=&#8221;no-repeat&#8221;][et_pb_text _builder_version=&#8221;3.0.87&#8243; module_alignment=&#8221;left&#8221; border_style=&#8221;solid&#8221;]<span style=\"color: #000000;\"><strong>\u00a0 \u00a0 \u00a0 \u00a0 \u00a0 Bloque 1 \u00a0 \u00a0 \u00a0M\u00e9xico | Estados Unidos | Jap\u00f3n<\/strong><\/span><br \/>\n[\/et_pb_text][\/et_pb_column][\/et_pb_row][et_pb_row _builder_version=&#8221;3.0.48&#8243; background_size=&#8221;initial&#8221; background_position=&#8221;top_left&#8221; background_repeat=&#8221;repeat&#8221;][et_pb_column type=&#8221;1_4&#8243; _builder_version=&#8221;3.0.47&#8243; parallax=&#8221;off&#8221; parallax_method=&#8221;on&#8221;][et_pb_team_member name=&#8221;Ra\u00fal Buz\u00f3&#8221; position=&#8221;Responsable Bloque 1&#8243; image_url=&#8221;http:\/\/www.plexo.edu.uy\/wp-content\/uploads\/2017\/09\/Arq_Raul_Buz\u00f3-2.jpg&#8221; facebook_url=&#8221;https:\/\/www.facebook.com\/raul.buzo&#8221; _builder_version=&#8221;3.0.87&#8243; border_style=&#8221;solid&#8221;][\/et_pb_team_member][\/et_pb_column][et_pb_column type=&#8221;1_4&#8243; _builder_version=&#8221;3.0.47&#8243; parallax=&#8221;off&#8221; parallax_method=&#8221;on&#8221;][et_pb_text _builder_version=&#8221;3.0.87&#8243; module_alignment=&#8221;left&#8221; border_style=&#8221;solid&#8221;]Arquitecto (2013, FADU, UdelaR). Maestrando desde 2016 en Informaci\u00f3n y\u00a0Comunicaci\u00f3n (FIC, UdelaR). Desde el a\u00f1o 2007 se ha desempe\u00f1ado en docencia,\u00a0investigaci\u00f3n y extensi\u00f3n: ayudante en el Taller Schelotto, docente en MyTE;\u00a0docente en el Departamento de Inform\u00e1tica aplicada al Dise\u00f1o, VidiaLab y LabFab.\u00a0Integrante del Equipo Docente Director PLEXO en 2015.\u00a0Actualmente se desempe\u00f1a como arquitecto Director de Obra y Jefe de Obra para\u00a0diversas empresas constructoras y practica el ejercicio libre de la profesi\u00f3n en su\u00a0estudio particular.<br \/>\n[\/et_pb_text][\/et_pb_column][et_pb_column type=&#8221;1_4&#8243; _builder_version=&#8221;3.0.47&#8243; parallax=&#8221;off&#8221; parallax_method=&#8221;on&#8221;][et_pb_team_member name=&#8221;Angel Armagno&#8221; position=&#8221;Asistente Bloque 1&#8243; image_url=&#8221;http:\/\/www.plexo.edu.uy\/wp-content\/uploads\/2017\/09\/Arq_Angel_Armagno.jpg&#8221; facebook_url=&#8221;https:\/\/www.facebook.com\/angel.armagno&#8221; _builder_version=&#8221;3.0.87&#8243; border_style=&#8221;solid&#8221;][\/et_pb_team_member][\/et_pb_column][et_pb_column type=&#8221;1_4&#8243; _builder_version=&#8221;3.0.47&#8243; parallax=&#8221;off&#8221; parallax_method=&#8221;on&#8221;][et_pb_text _builder_version=&#8221;3.0.87&#8243; module_alignment=&#8221;left&#8221; border_style=&#8221;solid&#8221;]Arquitecto (2014, FADU, UdelaR). Docente desde 2012, del Departamento de\u00a0Inform\u00e1tica Aplicada al Dise\u00f1o (DepInfo), colaborador del Laboratorio de\u00a0Visualizaci\u00f3n Digital Avanzada (VidiaLab) en tareas de investigaci\u00f3n y extensi\u00f3n\u00a0relacionadas a la visualizaci\u00f3n, dise\u00f1o gr\u00e1fico, fabricaci\u00f3n digital y audiovisuales,\u00a0colaborando en publicaciones acad\u00e9micas y exposiciones. Docente de Proyecto y\u00a0Representaci\u00f3n desde 2016, ha dictado cursos de visualizaci\u00f3n en academias\u00a0privadas y en la Universidad P\u00fablica. Integrante del Equipo Docente Director\u00a0PLEXO en 2015. Co-fundador de UBIK visualizaci\u00f3n en 2015.<br \/>\n[\/et_pb_text][\/et_pb_column][\/et_pb_row][\/et_pb_section][et_pb_section fb_built=&#8221;1&#8243; module_id=&#8221;bloque2&#8243; _builder_version=&#8221;3.0.71&#8243;][et_pb_row background_repeat_1=&#8221;no-repeat&#8221; _builder_version=&#8221;3.0.71&#8243; background_color=&#8221;#e2e2e2&#8243; background_size=&#8221;initial&#8221; background_position=&#8221;top_left&#8221; background_repeat=&#8221;repeat&#8221;][et_pb_column type=&#8221;4_4&#8243; _builder_version=&#8221;3.0.47&#8243; parallax=&#8221;off&#8221; parallax_method=&#8221;on&#8221; background_repeat=&#8221;no-repeat&#8221;][et_pb_text _builder_version=&#8221;3.0.87&#8243; module_alignment=&#8221;left&#8221; border_style=&#8221;solid&#8221;]<span style=\"color: #000000;\"><strong>\u00a0 \u00a0 \u00a0 \u00a0 \u00a0 Bloque 2 \u00a0 \u00a0 \u00a0Jap\u00f3n | China | Vietnam | Tailandia | India | Emiratos | Egipto | Turqu\u00eda | Grecia | Norte de Francia<\/strong><\/span><br \/>\n[\/et_pb_text][\/et_pb_column][\/et_pb_row][et_pb_row _builder_version=&#8221;3.0.48&#8243; background_size=&#8221;initial&#8221; background_position=&#8221;top_left&#8221; background_repeat=&#8221;repeat&#8221;][et_pb_column type=&#8221;1_4&#8243; _builder_version=&#8221;3.0.47&#8243; parallax=&#8221;off&#8221; parallax_method=&#8221;on&#8221;][et_pb_team_member name=&#8221;Fernando Garc\u00eda Amen&#8221; position=&#8221;Responsable Bloque 2&#8243; image_url=&#8221;http:\/\/www.plexo.edu.uy\/wp-content\/uploads\/2017\/09\/Mg_Arq_Fernando_Garcia_Amen.jpg&#8221; facebook_url=&#8221;https:\/\/www.facebook.com\/fernando.garcia.amen&#8221; _builder_version=&#8221;3.0.87&#8243; border_style=&#8221;solid&#8221;][\/et_pb_team_member][\/et_pb_column][et_pb_column type=&#8221;1_4&#8243; _builder_version=&#8221;3.0.47&#8243; parallax=&#8221;off&#8221; parallax_method=&#8221;on&#8221;][et_pb_text _builder_version=&#8221;3.0.86&#8243; module_alignment=&#8221;left&#8221;]Arquitecto (2005, FADU, UdelaR). M\u00e1ster en Direcci\u00f3n Estrat\u00e9gica en Tecnolog\u00edas\u00a0de la Informaci\u00f3n (UEMC, 2014). Doctorando en Arquitectura (2016). Prof. Adjunto Efectivo del Laboratorio de Visualizaci\u00f3n Digital Avanzada (VidiaLab). Autor de\u00a0diversas publicaciones sobre inform\u00e1tica aplicada al dise\u00f1o, miembro de los\u00a0comit\u00e9s acad\u00e9micos de SIGraDi, CAADRIA y CaadFutures, y expositor en diversos\u00a0congresos internacionales de TIC aplicadas a la\u00a0arquitectura. Docente de los proyectos acad\u00e9micos \u00abViaje 2.0\u00bb (2011) y\u00a0\u00abPLEXO \u2013 Una traves\u00eda multisensorial\u00bb (2015). Socio en Oficina de Proyectos Arq. Alvaro Gentini &amp; Asoc.<br \/>\n[\/et_pb_text][\/et_pb_column][et_pb_column type=&#8221;1_4&#8243; _builder_version=&#8221;3.0.47&#8243; parallax=&#8221;off&#8221; parallax_method=&#8221;on&#8221;][et_pb_team_member name=&#8221;Gabriela Barber&#8221; position=&#8221;Asistente Bloque 2&#8243; image_url=&#8221;http:\/\/www.plexo.edu.uy\/wp-content\/uploads\/2017\/09\/Arq_Gabriela_Barber.jpg&#8221; facebook_url=&#8221;https:\/\/www.facebook.com\/gabriela.barber.18&#8243; _builder_version=&#8221;3.0.87&#8243; border_style=&#8221;solid&#8221;]&nbsp;<br \/>\n&nbsp;<br \/>\n[\/et_pb_team_member][\/et_pb_column][et_pb_column type=&#8221;1_4&#8243; _builder_version=&#8221;3.0.47&#8243; parallax=&#8221;off&#8221; parallax_method=&#8221;on&#8221;][et_pb_text _builder_version=&#8221;3.0.87&#8243; module_alignment=&#8221;left&#8221; border_style=&#8221;solid&#8221;]Arquitecta (2012, FADU, Udelar). Actualmente cursando la Maestr\u00eda en Informaci\u00f3n\u00a0y Comunicaci\u00f3n (FIC, Udelar). Docente desde el a\u00f1o 2006 del Departamento de\u00a0Inform\u00e1tica aplicada al Dise\u00f1o (DepInfo) y del Laboratorio de Visualizaci\u00f3n Digital\u00a0Avanzada (VidiaLab). Ha desarrollado tareas de investigaci\u00f3n relacionadas a\u00a0realidad virtual, realidad aumentada proyectada, visualizaci\u00f3n e interacci\u00f3n con\u00a0TIC. Docente de Teor\u00eda de la Arquitectura, Proyecto y Representaci\u00f3n y Transversal\u00a0II de Representaci\u00f3n. Co-fundadora del estudio de \u00a0arquitectura Dominus\u00a0Architects. Fot\u00f3grafa profesional.<br \/>\n[\/et_pb_text][\/et_pb_column][\/et_pb_row][\/et_pb_section][et_pb_section fb_built=&#8221;1&#8243; module_id=&#8221;bloque3&#8243; _builder_version=&#8221;3.0.71&#8243;][et_pb_row background_repeat_1=&#8221;no-repeat&#8221; _builder_version=&#8221;3.0.71&#8243; background_color=&#8221;#e2e2e2&#8243; background_size=&#8221;initial&#8221; background_position=&#8221;top_left&#8221; background_repeat=&#8221;repeat&#8221;][et_pb_column type=&#8221;4_4&#8243; _builder_version=&#8221;3.0.47&#8243; parallax=&#8221;off&#8221; parallax_method=&#8221;on&#8221; background_repeat=&#8221;no-repeat&#8221;][et_pb_text _builder_version=&#8221;3.0.87&#8243; module_alignment=&#8221;left&#8221; border_style=&#8221;solid&#8221;]<span style=\"color: #000000;\"><strong>\u00a0 \u00a0 \u00a0 \u00a0 \u00a0 Bloque 3 \u00a0 \u00a0 \u00a0Norte de Francia | Reino Unido | Pa\u00edses n\u00f3rdicos | B\u00e9lgica | Holanda | Rusia | Polonia | B\u00e1lticos | Alemania | Chequia | Austria<\/strong><\/span><br \/>\n[\/et_pb_text][\/et_pb_column][\/et_pb_row][et_pb_row _builder_version=&#8221;3.0.48&#8243; background_size=&#8221;initial&#8221; background_position=&#8221;top_left&#8221; background_repeat=&#8221;repeat&#8221;][et_pb_column type=&#8221;1_4&#8243; _builder_version=&#8221;3.0.47&#8243; parallax=&#8221;off&#8221; parallax_method=&#8221;on&#8221;][et_pb_team_member name=&#8221;Pablo Can\u00e9n&#8221; position=&#8221;Responsable Bloque 3&#8243; image_url=&#8221;http:\/\/www.plexo.edu.uy\/wp-content\/uploads\/2017\/09\/Arq_Pablo_Canen.jpg&#8221; _builder_version=&#8221;3.0.87&#8243; border_style=&#8221;solid&#8221;][\/et_pb_team_member][\/et_pb_column][et_pb_column type=&#8221;1_4&#8243; _builder_version=&#8221;3.0.47&#8243; parallax=&#8221;off&#8221; parallax_method=&#8221;on&#8221;][et_pb_text _builder_version=&#8221;3.0.87&#8243; module_alignment=&#8221;left&#8221; border_style=&#8221;solid&#8221;]<\/p>\n<p>Arquitecto (2013, FADU, UdelaR). Maestrando en Ordenamiento Territorial (2015,\u00a0FADU &#8211; UdelaR). Docente G\u00ba2 (subrogante) en la Unidad Curricular de Historia II,\u00a0docente G\u00ba1 de Historia III, y docente G\u00ba1 de Proyecto Urbano B\u00e1sico en Taller\u00a0Apolo. Consultor en el programa Keeping It Modern 2016 de Getty Foundation. Ha\u00a0trabajado como t\u00e9cnico en el estudio Mart\u00ednez\/Rudolph\u00a0Arquitectos. Co-autor del primer premio del concurso de Vivienda 2012, y\u00a0colaborador del equipo ganador del concurso UTEC Fray Bentos en 2014.<\/p>\n<p>[\/et_pb_text][\/et_pb_column][et_pb_column type=&#8221;1_4&#8243; _builder_version=&#8221;3.0.47&#8243; parallax=&#8221;off&#8221; parallax_method=&#8221;on&#8221;][et_pb_team_member name=&#8221;Alberto De Austria&#8221; position=&#8221;Asistente Bloque 3&#8243; image_url=&#8221;http:\/\/www.plexo.edu.uy\/wp-content\/uploads\/2017\/09\/Alberto_De_Austria.jpg&#8221; facebook_url=&#8221;https:\/\/www.facebook.com\/alberludo&#8221; _builder_version=&#8221;3.0.87&#8243; border_style=&#8221;solid&#8221;][\/et_pb_team_member][\/et_pb_column][et_pb_column type=&#8221;1_4&#8243; _builder_version=&#8221;3.0.47&#8243; parallax=&#8221;off&#8221; parallax_method=&#8221;on&#8221;][et_pb_text _builder_version=&#8221;3.0.87&#8243; module_alignment=&#8221;left&#8221; border_style=&#8221;solid&#8221;]Llegado hace un par de a\u00f1os al Uruguay desde su Andaluc\u00eda natal, donde tras\u00a0trabajar como BIM Manager, se incorpora como docente en el Taller Articardi\u00a0desde 2016. Arquitecto por la ETSA de Sevilla e involucrado en los movimientos\u00a0activos de la ciudad. Integrante del espacio autogestionado Tramallol y fundador\u00a0del taller de investigaci\u00f3n cerojugadores, desarrollador de proyectos de software\u00a0y hardware libre. M\u00e1ster en Arquitectura Avanzada con investigaci\u00f3n sobre la\u00a0inclusi\u00f3n de la Teor\u00eda de Juegos, comportamientos aut\u00f3matas y patrones, para el\u00a0estudio de las ciudades como organismos complejos.<br \/>\n[\/et_pb_text][\/et_pb_column][\/et_pb_row][\/et_pb_section][et_pb_section fb_built=&#8221;1&#8243; module_id=&#8221;bloque4&#8243; _builder_version=&#8221;3.0.71&#8243;][et_pb_row background_repeat_1=&#8221;no-repeat&#8221; _builder_version=&#8221;3.0.71&#8243; background_color=&#8221;#e2e2e2&#8243; background_size=&#8221;initial&#8221; background_position=&#8221;top_left&#8221; background_repeat=&#8221;repeat&#8221;][et_pb_column type=&#8221;4_4&#8243; _builder_version=&#8221;3.0.47&#8243; parallax=&#8221;off&#8221; parallax_method=&#8221;on&#8221; background_repeat=&#8221;no-repeat&#8221;][et_pb_text _builder_version=&#8221;3.0.87&#8243; module_alignment=&#8221;left&#8221; border_style=&#8221;solid&#8221;]<span style=\"color: #000000;\"><strong>\u00a0 \u00a0 \u00a0 \u00a0 \u00a0 Bloque 4 \u00a0 \u00a0 \u00a0Suiza | Eslovenia | Italia | Sur de Francia | Espa\u00f1a | Portugal<\/strong><\/span><br \/>\n[\/et_pb_text][\/et_pb_column][\/et_pb_row][et_pb_row _builder_version=&#8221;3.0.48&#8243; background_size=&#8221;initial&#8221; background_position=&#8221;top_left&#8221; background_repeat=&#8221;repeat&#8221;][et_pb_column type=&#8221;1_4&#8243; _builder_version=&#8221;3.0.47&#8243; parallax=&#8221;off&#8221; parallax_method=&#8221;on&#8221;][et_pb_team_member name=&#8221;Jimena Abraham&#8221; position=&#8221;Responsable Bloque 4&#8243; image_url=&#8221;http:\/\/www.plexo.edu.uy\/wp-content\/uploads\/2017\/09\/Arq_Jimena_Abraham.jpg&#8221; facebook_url=&#8221;https:\/\/www.facebook.com\/mariajimena.abrahanviera&#8221; _builder_version=&#8221;3.0.87&#8243; border_style=&#8221;solid&#8221;][\/et_pb_team_member][\/et_pb_column][et_pb_column type=&#8221;1_4&#8243; _builder_version=&#8221;3.0.47&#8243; parallax=&#8221;off&#8221; parallax_method=&#8221;on&#8221;][et_pb_text _builder_version=&#8221;3.0.87&#8243; module_alignment=&#8221;left&#8221; border_style=&#8221;solid&#8221;]Arquitecta (2015, FADU, UdelaR). Maestranda en Ordenamiento Territorial y\u00a0Desarrollo Urbano (2017, FADU, UdelaR). Docente en el Taller Schelotto cursos\u00a0Introductorio y Anteproyecto I (2004-2007), en el Taller Danza curso Anteproyecto\u00a0V (2009-2014), y actualmente en el Taller Schelotto. Ha trabajado en la Oficina de Planificaci\u00f3n Territorial de la I.M. en temas\u00a0relacionados con urbanismo y ordenamiento territorial. Actualmente, socia en el\u00a0estudio Abraham+Vidal arquitectos. Trabaja en Divisi\u00f3n Arquitectura del Poder\u00a0Judicial y en la Oficina de Planificaci\u00f3n y Dise\u00f1o de la DINAVI (MVOTMA).<br \/>\n[\/et_pb_text][\/et_pb_column][et_pb_column type=&#8221;1_4&#8243; _builder_version=&#8221;3.0.47&#8243; parallax=&#8221;off&#8221; parallax_method=&#8221;on&#8221;][et_pb_team_member name=&#8221;Serrana Robledo&#8221; position=&#8221;Asistente Bloque 4&#8243; image_url=&#8221;http:\/\/www.plexo.edu.uy\/wp-content\/uploads\/2017\/09\/Serrana_Robledo.jpg&#8221; _builder_version=&#8221;3.0.87&#8243; border_style=&#8221;solid&#8221;][\/et_pb_team_member][\/et_pb_column][et_pb_column type=&#8221;1_4&#8243; _builder_version=&#8221;3.0.47&#8243; parallax=&#8221;off&#8221; parallax_method=&#8221;on&#8221;][et_pb_text _builder_version=&#8221;3.0.87&#8243; module_alignment=&#8221;left&#8221; border_style=&#8221;solid&#8221;]Docente en el Taller Danza desde 2011 en los cursos de Anteproyecto V (hasta\u00a02016) y Proyecto Urbano Avanzado (2017).\u00a0Ha trabajado como proyectista en el estudio AFRa (Buenos Aires), en la Oficina de\u00a0Planeamiento del Ministerio de Turismo (MinTur), y como Asistente T\u00e9cnico del Arq.\u00a0Diego Capandeguy en diversos proyectos de urbanismo y ordenamiento territorial.\u00a0Trabaja en forma independiente desarrollando consultor\u00edas y proyectos ejecutivos\u00a0para distintos estudios locales.\u00a0Ha obtenido premios en concursos nacionales e internacionales de urbanismo,\u00a0integrando equipos multidisciplinarios en calidad de co-autora.<br \/>\n[\/et_pb_text][\/et_pb_column][\/et_pb_row][\/et_pb_section][et_pb_section fb_built=&#8221;1&#8243; module_id=&#8221;apoyoentierra&#8221; _builder_version=&#8221;3.0.71&#8243;][et_pb_row background_repeat_1=&#8221;no-repeat&#8221; _builder_version=&#8221;3.0.71&#8243; background_color=&#8221;#e2e2e2&#8243; background_size=&#8221;initial&#8221; background_position=&#8221;top_left&#8221; background_repeat=&#8221;repeat&#8221;][et_pb_column type=&#8221;4_4&#8243; _builder_version=&#8221;3.0.47&#8243; parallax=&#8221;off&#8221; parallax_method=&#8221;on&#8221; background_repeat=&#8221;no-repeat&#8221;][et_pb_text _builder_version=&#8221;3.0.87&#8243; module_alignment=&#8221;left&#8221; border_style=&#8221;solid&#8221;]<span style=\"color: #000000;\"><strong>\u00a0 \u00a0 \u00a0 \u00a0 \u00a0 Equipo Docente de apoyo en tierra<\/strong><\/span><br \/>\n[\/et_pb_text][\/et_pb_column][\/et_pb_row][et_pb_row _builder_version=&#8221;3.0.48&#8243; background_size=&#8221;initial&#8221; background_position=&#8221;top_left&#8221; background_repeat=&#8221;repeat&#8221;][et_pb_column type=&#8221;1_4&#8243; _builder_version=&#8221;3.0.47&#8243; parallax=&#8221;off&#8221; parallax_method=&#8221;on&#8221;][et_pb_team_member name=&#8221;Marcelo Payss\u00e9&#8221; position=&#8221;Equipo en tierra&#8221; image_url=&#8221;http:\/\/www.plexo.edu.uy\/wp-content\/uploads\/2017\/09\/Arq_Marcelo_Paysse.jpg&#8221; _builder_version=&#8221;3.0.87&#8243; border_style=&#8221;solid&#8221;][\/et_pb_team_member][et_pb_text _builder_version=<br \/>\n&#8220;3.0.87&#8221; module_alignment=&#8221;left&#8221; border_style=&#8221;solid&#8221;]Arquitecto (1981, FARQ, UdelaR), Diplomando en Educaci\u00f3n, Im\u00e1genes y Medios en\u00a0la Cultura Digital (FLACSO, 2012). Profesor Titular del Departamento de\u00a0Inform\u00e1tica (FADU, UdelaR) desde 2002. Profesor Agregado del Taller Schelotto\u00a0desde 2001. Consejero por el \u00d3rden Docente (Farq, UdelaR; 2009-2013).\u00a0Numerosos trabajos y utilizaci\u00f3n de nuevos medios en Patrimonio Virtual. Premios\u00a0a nivel nacional e internacional en materia de TICs aplicadas a la arquitectura.\u00a0Jurado de SAU. Autor de numerosos art\u00edculos sobre inform\u00e1tica aplicada a la\u00a0arquitectura y al patrimonio.<br \/>\n[\/et_pb_text][\/et_pb_column][et_pb_column type=&#8221;1_4&#8243; _builder_version=&#8221;3.0.47&#8243; parallax=&#8221;off&#8221; parallax_method=&#8221;on&#8221;][et_pb_team_member name=&#8221;Laura Vizconde&#8221; position=&#8221;Equipo en tierra&#8221; image_url=&#8221;http:\/\/www.plexo.edu.uy\/wp-content\/uploads\/2017\/09\/Arq_Laura_Vizconde.jpg&#8221; _builder_version=&#8221;3.0.87&#8243; border_style=&#8221;solid&#8221;][\/et_pb_team_member][et_pb_text _builder_version=&#8221;3.0.87&#8243; module_alignment=&#8221;left&#8221; border_style=&#8221;solid&#8221;]Arquitecta (1984, FARQ, UdelaR). Profesora Adjunta Grado 3 en Taller Schelotto\u00a0desde el 2000, y antes de Taller Parodi (1985-2000). Coordinadora de\u00a0Anteproyectos 1 (2007-2016); docente de Cursos Opcionales (2011-2016). Tutora\u00a0de Iniciaci\u00f3n a la investigaci\u00f3n. Integrante de los E.D.D. PLEXO en 2015 y \u00abViaje\u00a02.0\u00bb en 2011. Practica el ejercicio libre de la profesi\u00f3n en su estudio particular.\u00a0Fot\u00f3grafa, participa de exposiciones tanto a nivel nacional como internacional.\u00a0Jurado por Fotoclub Uruguayo y por FADU en concursos fotogr\u00e1ficos y de agendas.<br \/>\n[\/et_pb_text][\/et_pb_column][et_pb_column type=&#8221;1_4&#8243; _builder_version=&#8221;3.0.47&#8243; parallax=&#8221;off&#8221; parallax_method=&#8221;on&#8221;][et_pb_team_member name=&#8221;Roberto Langwagen&#8221; position=&#8221;Equipo en tierra&#8221; image_url=&#8221;http:\/\/www.plexo.edu.uy\/wp-content\/uploads\/2017\/09\/Mg_Arq_Roberto_Langwagen.jpg&#8221; _builder_version=&#8221;3.0.87&#8243; border_style=&#8221;solid&#8221;][\/et_pb_team_member][et_pb_text _builder_version=&#8221;3.0.87&#8243; module_alignment=&#8221;left&#8221; border_style=&#8221;solid&#8221;]Arquitecto.\u00a0Docente del Taller Schelotto (2000-2005) y Taller Parodi (1986-2000). Diploma en\u00a0Cultura, Historia y Patrimonio (CLAEH). Diploma en Constructivismo y Educaci\u00f3n\u00a0(FLACSO). M\u00e1ster en Ense\u00f1anza Universitaria (FHUCE-CSE, UdelaR).\u00a0Profesor Adjunto (Grado 3 ) de la\u00a0Unidad Central de Educaci\u00f3n Permanente de la Udelar.\u00a0Actividad en otras Instituciones Educativas: Profesor de Historia del Dise\u00f1o en\u00a0Universidad ORT-Uruguay.<br \/>\n[\/et_pb_text][\/et_pb_column][et_pb_column type=&#8221;1_4&#8243; _builder_version=&#8221;3.0.47&#8243; parallax=&#8221;off&#8221; parallax_method=&#8221;on&#8221;][et_pb_team_member name=&#8221;Juan Pablo Portillo&#8221; position=&#8221;Equipo en tierra&#8221; image_url=&#8221;http:\/\/www.plexo.edu.uy\/wp-content\/uploads\/2017\/09\/Arq_Juan_Portillo.jpg&#8221; _builder_version=&#8221;3.0.87&#8243; border_style=&#8221;solid&#8221;][\/et_pb_team_member][et_pb_text _builder_version=&#8221;3.0.87&#8243; module_alignment=&#8221;left&#8221; border_style=&#8221;solid&#8221;]Arquitecto (2001, FARQ, UdelaR). Maestr\u00eda en Construcci\u00f3n de obras de\u00a0Arquitectura edici\u00f3n 2013 (FADU\/UdelaR), tesis entregada pendiente su defensa. Profesor Adjunto del Departamento de Inform\u00e1tica Aplicada al Dise\u00f1o y de la C\u00e1tedra de Proyecto y Representaci\u00f3n.<br \/>\n[\/et_pb_text][\/et_pb_column][\/et_pb_row][\/et_pb_section][et_pb_section fb_built=&#8221;1&#8243; module_id=&#8221;colaboradores&#8221; _builder_version=&#8221;3.0.74&#8243; background_color=&#8221;#000000&#8243;][et_pb_row _builder_version=&#8221;3.0.48&#8243; background_size=&#8221;initial&#8221; background_position=&#8221;top_left&#8221; background_repeat=&#8221;repeat&#8221;][et_pb_column type=&#8221;1_4&#8243; _builder_version=&#8221;3.0.47&#8243; parallax=&#8221;off&#8221; parallax_method=&#8221;on&#8221;][et_pb_team_member name=&#8221;Ana Mar\u00eda L\u00f3pez&#8221; position=&#8221;Asistente colaboradora&#8221; image_url=&#8221;http:\/\/www.plexo.edu.uy\/wp-content\/uploads\/2017\/09\/Arq_Ana_Mar\u00eda_L\u00f3pez_Bocassino-1.jpg&#8221; _builder_version=&#8221;3.0.87&#8243; background_layout=&#8221;dark&#8221; border_style=&#8221;solid&#8221;][\/et_pb_team_member][\/et_pb_column][et_pb_column type=&#8221;1_4&#8243; _builder_version=&#8221;3.0.47&#8243; parallax=&#8221;off&#8221; parallax_method=&#8221;on&#8221;][et_pb_team_member name=&#8221;Sebasti\u00e1n Hern\u00e1ndez&#8221; position=&#8221;Asistente colaborador&#8221; image_url=&#8221;http:\/\/www.plexo.edu.uy\/wp-content\/uploads\/2017\/09\/Sebasti\u00e1n_Hern\u00e1ndez.jpg&#8221; facebook_url=&#8221;https:\/\/www.facebook.com\/sebastian.hernandez.75491856&#8243; _builder_version=&#8221;3.0.87&#8243; background_layout=&#8221;dark&#8221; border_style=&#8221;solid&#8221;][\/et_pb_team_member][\/et_pb_column][et_pb_column type=&#8221;1_4&#8243; _builder_version=&#8221;3.0.47&#8243; parallax=&#8221;off&#8221; parallax_method=&#8221;on&#8221;][et_pb_team_member name=&#8221;Luc\u00eda Meirelles&#8221; position=&#8221;Asistente colaboradora&#8221; image_url=&#8221;http:\/\/www.plexo.edu.uy\/wp-content\/uploads\/2017\/09\/Luc\u00eda_Meirelles-1.jpg&#8221; facebook_url=&#8221;https:\/\/www.facebook.com\/KuchikiRu&#8221; _builder_version=&#8221;3.0.87&#8243; background_layout=&#8221;dark&#8221; border_style=&#8221;solid&#8221;][\/et_pb_team_member][\/et_pb_column][et_pb_column type=&#8221;1_4&#8243; _builder_version=&#8221;3.0.47&#8243; parallax=&#8221;off&#8221; parallax_method=&#8221;on&#8221;][et_pb_team_member name=&#8221;Pablo Vargas&#8221; position=&#8221;Asistente colaborador&#8221; image_url=&#8221;http:\/\/www.plexo.edu.uy\/wp-content\/uploads\/2017\/09\/Pablo_Vargas_Borche.jpg&#8221; facebook_url=&#8221;https:\/\/www.facebook.com\/pablo.vargasborche&#8221; _builder_version=&#8221;3.0.87&#8243; background_layout=&#8221;dark&#8221; border_style=&#8221;solid&#8221;][\/et_pb_team_member][\/et_pb_column][\/et_pb_row][\/et_pb_section]<\/p>\n","protected":false},"excerpt":{"rendered":"<p>Presentaci\u00f3n de los integrantes del Equipo Docente Director del Espacio de Formaci\u00f3n Integral (EFI) PLEXO para el viaje acad\u00e9mico del a\u00f1o 2018. &nbsp; \u00a0 \u00a0 \u00a0 \u00a0 \u00a0 Bloque 1 \u00a0 \u00a0 \u00a0M\u00e9xico | Estados Unidos | Jap\u00f3n Arquitecto (2013, FADU, UdelaR). Maestrando desde 2016 en Informaci\u00f3n y\u00a0Comunicaci\u00f3n (FIC, UdelaR). Desde el a\u00f1o 2007 se [&hellip;]<\/p>\n","protected":false},"author":1,"featured_media":0,"parent":53,"menu_order":0,"comment_status":"closed","ping_status":"closed","template":"","meta":{"_et_pb_use_builder":"on","_et_pb_old_content":"","_et_gb_content_width":""},"_links":{"self":[{"href":"https:\/\/viaje18.plexo.edu.uy\/index.php\/wp-json\/wp\/v2\/pages\/59"}],"collection":[{"href":"https:\/\/viaje18.plexo.edu.uy\/index.php\/wp-json\/wp\/v2\/pages"}],"about":[{"href":"https:\/\/viaje18.plexo.edu.uy\/index.php\/wp-json\/wp\/v2\/types\/page"}],"author":[{"embeddable":true,"href":"https:\/\/viaje18.plexo.edu.uy\/index.php\/wp-json\/wp\/v2\/users\/1"}],"replies":[{"embeddable":true,"href":"https:\/\/viaje18.plexo.edu.uy\/index.php\/wp-json\/wp\/v2\/comments?post=59"}],"version-history":[{"count":0,"href":"https:\/\/viaje18.plexo.edu.uy\/index.php\/wp-json\/wp\/v2\/pages\/59\/revisions"}],"up":[{"embeddable":true,"href":"https:\/\/viaje18.plexo.edu.uy\/index.php\/wp-json\/wp\/v2\/pages\/53"}],"wp:attachment":[{"href":"https:\/\/viaje18.plexo.edu.uy\/index.php\/wp-json\/wp\/v2\/media?parent=59"}],"curies":[{"name":"wp","href":"https:\/\/api.w.org\/{rel}","templated":true}]}}