{"id":65,"date":"2017-09-06T17:56:23","date_gmt":"2017-09-06T17:56:23","guid":{"rendered":"http:\/\/www.plexo.edu.uy\/?page_id=65"},"modified":"2017-09-06T17:56:23","modified_gmt":"2017-09-06T17:56:23","slug":"insumos","status":"publish","type":"page","link":"https:\/\/viaje18.plexo.edu.uy\/index.php\/insumos\/","title":{"rendered":"Insumos"},"content":{"rendered":"<p>[et_pb_section fb_built=&#8221;1&#8243; admin_label=&#8221;INSUMOS Y &#8230;&#8221; _builder_version=&#8221;3.22&#8243; global_module=&#8221;7171&#8243; saved_tabs=&#8221;all&#8221; collapsed=&#8221;on&#8221;][et_pb_row column_structure=&#8221;1_4,1_4,1_4,1_4&#8243; _builder_version=&#8221;4.3.1&#8243; background_enable_color=&#8221;off&#8221; background_size=&#8221;initial&#8221; background_position=&#8221;top_left&#8221; background_repeat=&#8221;repeat&#8221; collapsed=&#8221;off&#8221;][et_pb_column type=&#8221;1_4&#8243; _builder_version=&#8221;4.3.1&#8243; background_enable_color=&#8221;off&#8221; custom_padding=&#8221;|||&#8221; custom_padding__hover=&#8221;|||&#8221;][et_pb_text _builder_version=&#8221;4.3.1&#8243;]<\/p>\n<p><a href=\"http:\/\/www.plexo.edu.uy\/insumos\/apps-de-viaje\/\"><img loading=\"lazy\" class=\"wp-image-3881 aligncenter size-full\" src=\"http:\/\/www.plexo.edu.uy\/wp-content\/uploads\/2017\/12\/noun_1303888_cc-e1514396202721.png\" alt=\"\" width=\"200\" height=\"200\" \/><\/a><\/p>\n<h4 style=\"text-align: center;\">Apps de viaje<\/h4>\n<p>&nbsp;<\/p>\n<p>[\/et_pb_text][\/et_pb_column][et_pb_column type=&#8221;1_4&#8243; _builder_version=&#8221;3.25&#8243; custom_padding=&#8221;|||&#8221; custom_padding__hover=&#8221;|||&#8221;][et_pb_text _builder_version=&#8221;4.3.1&#8243; hover_enabled=&#8221;0&#8243;]<\/p>\n<p><a href=\"http:\/\/www.plexo.edu.uy\/insumos\/guias-de-viaje\/\"><img loading=\"lazy\" class=\"wp-image-3905 aligncenter size-full\" src=\"http:\/\/www.plexo.edu.uy\/wp-content\/uploads\/2017\/12\/noun_192674_cc-1.png\" alt=\"\" width=\"700\" height=\"700\" \/><\/a><\/p>\n<h4 style=\"text-align: center;\">Gu\u00edas de viaje<\/h4>\n<p>[\/et_pb_text][\/et_pb_column][et_pb_column type=&#8221;1_4&#8243; _builder_version=&#8221;3.25&#8243; custom_padding=&#8221;|||&#8221; custom_padding__hover=&#8221;|||&#8221;][et_pb_text _builder_version=&#8221;4.3.1&#8243;]<\/p>\n<p><a href=\"http:\/\/www.plexo.edu.uy\/insumos\/mapas-y-georreferencias\/\"><img loading=\"lazy\" class=\"wp-image-3895 aligncenter size-full\" src=\"http:\/\/www.plexo.edu.uy\/wp-content\/uploads\/2017\/12\/noun_527479_cc.png\" alt=\"\" width=\"700\" height=\"700\" \/><\/a><\/p>\n<h4 style=\"text-align: center;\">Mapas y georeferencias\u00a0<\/h4>\n<p>[\/et_pb_text][\/et_pb_column][et_pb_column type=&#8221;1_4&#8243; _builder_version=&#8221;3.25&#8243; custom_padding=&#8221;|||&#8221; custom_padding__hover=&#8221;|||&#8221;][et_pb_text _builder_version=&#8221;4.3.1&#8243;]<\/p>\n<p><a href=\"http:\/\/www.plexo.edu.uy\/insumos\/audiovisuales\/\"><img loading=\"lazy\" class=\"wp-image-3902 aligncenter size-full\" src=\"http:\/\/www.plexo.edu.uy\/wp-content\/uploads\/2017\/12\/noun_1255281_cc-1.png\" alt=\"\" width=\"700\" height=\"700\" \/><\/a><\/p>\n<h4 style=\"text-align: center;\">Audiovisuales<\/h4>\n<p>[\/et_pb_text][\/et_pb_column][\/et_pb_row][et_pb_row column_structure=&#8221;1_4,1_4,1_4,1_4&#8243; _builder_version=&#8221;4.3.1&#8243; background_size=&#8221;initial&#8221; background_position=&#8221;top_left&#8221; background_repeat=&#8221;repeat&#8221; collapsed=&#8221;off&#8221;][et_pb_column type=&#8221;1_4&#8243; _builder_version=&#8221;3.25&#8243; custom_padding=&#8221;|||&#8221; custom_padding__hover=&#8221;|||&#8221;][et_pb_text _builder_version=&#8221;4.3.1&#8243;]<\/p>\n<p><a href=\"http:\/\/www.plexo.edu.uy\/insumos\/playlists\/\"><img loading=\"lazy\" class=\"wp-image-3894 aligncenter size-full\" src=\"http:\/\/www.plexo.edu.uy\/wp-content\/uploads\/2017\/12\/noun_340317_cc.png\" alt=\"\" width=\"700\" height=\"700\" \/><\/a><\/p>\n<h4 style=\"text-align: center;\">Playlists<\/h4>\n<p>[\/et_pb_text][\/et_pb_column][et_pb_column type=&#8221;1_4&#8243; _builder_version=&#8221;3.25&#8243; custom_padding=&#8221;|||&#8221; custom_padding__hover=&#8221;|||&#8221;][et_pb_text _builder_version=&#8221;4.3.1&#8243;]<\/p>\n<p><a href=\"http:\/\/www.plexo.edu.uy\/project_category\/bitacora\/\"><img loading=\"lazy\" class=\"wp-image-3876 aligncenter size-full\" src=\"http:\/\/www.plexo.edu.uy\/wp-content\/uploads\/2017\/12\/noun_192674_cc.png\" alt=\"\" width=\"700\" height=\"700\" \/><\/a><\/p>\n<h4 style=\"text-align: center;\">Bit\u00e1cora<\/h4>\n<p>[\/et_pb_text][\/et_pb_column][et_pb_column type=&#8221;1_4&#8243; _builder_version=&#8221;3.25&#8243; custom_padding=&#8221;|||&#8221; custom_padding__hover=&#8221;|||&#8221;][et_pb_text _builder_version=&#8221;4.3.1&#8243;]<\/p>\n<p><a href=\"http:\/\/www.plexo.edu.uy\/insumos\/lecturas-de-interes\/\"><img loading=\"lazy\" class=\"wp-image-3898 aligncenter size-full\" src=\"http:\/\/www.plexo.edu.uy\/wp-content\/uploads\/2017\/12\/noun_1355168_cc.png\" alt=\"\" width=\"700\" height=\"700\" \/><\/a><\/p>\n<h4 style=\"text-align: center;\">Lecturas de inter\u00e9s<\/h4>\n<p>[\/et_pb_text][\/et_pb_column][et_pb_column type=&#8221;1_4&#8243; _builder_version=&#8221;3.25&#8243; custom_padding=&#8221;|||&#8221; custom_padding__hover=&#8221;|||&#8221;][et_pb_text _builder_version=&#8221;4.3.1&#8243;]<\/p>\n<p><a href=\"http:\/\/www.plexo.edu.uy\/wp-content\/uploads\/2017\/12\/noun_1314395_cc-1.png\"><img loading=\"lazy\" class=\"wp-image-3887 aligncenter size-full\" src=\"http:\/\/www.plexo.edu.uy\/wp-content\/uploads\/2017\/12\/noun_1314395_cc-1.png\" alt=\"\" width=\"700\" height=\"700\" \/><\/a><\/p>\n<h4 style=\"text-align: center;\">Itinerario acad\u00e9mico<\/h4>\n<p>[\/et_pb_text][\/et_pb_column][\/et_pb_row][\/et_pb_section]<\/p>\n","protected":false},"excerpt":{"rendered":"<p>Apps de viaje &nbsp; Gu\u00edas de viaje Mapas y georeferencias\u00a0 Audiovisuales Playlists Bit\u00e1cora Lecturas de inter\u00e9s Itinerario acad\u00e9mico<\/p>\n","protected":false},"author":1,"featured_media":0,"parent":0,"menu_order":0,"comment_status":"closed","ping_status":"closed","template":"","meta":{"_et_pb_use_builder":"on","_et_pb_old_content":"","_et_gb_content_width":""},"_links":{"self":[{"href":"https:\/\/viaje18.plexo.edu.uy\/index.php\/wp-json\/wp\/v2\/pages\/65"}],"collection":[{"href":"https:\/\/viaje18.plexo.edu.uy\/index.php\/wp-json\/wp\/v2\/pages"}],"about":[{"href":"https:\/\/viaje18.plexo.edu.uy\/index.php\/wp-json\/wp\/v2\/types\/page"}],"author":[{"embeddable":true,"href":"https:\/\/viaje18.plexo.edu.uy\/index.php\/wp-json\/wp\/v2\/users\/1"}],"replies":[{"embeddable":true,"href":"https:\/\/viaje18.plexo.edu.uy\/index.php\/wp-json\/wp\/v2\/comments?post=65"}],"version-history":[{"count":0,"href":"https:\/\/viaje18.plexo.edu.uy\/index.php\/wp-json\/wp\/v2\/pages\/65\/revisions"}],"wp:attachment":[{"href":"https:\/\/viaje18.plexo.edu.uy\/index.php\/wp-json\/wp\/v2\/media?parent=65"}],"curies":[{"name":"wp","href":"https:\/\/api.w.org\/{rel}","templated":true}]}}