{"id":99,"date":"2017-09-06T20:07:47","date_gmt":"2017-09-06T20:07:47","guid":{"rendered":"http:\/\/www.plexo.edu.uy\/?page_id=99"},"modified":"2017-09-06T20:07:47","modified_gmt":"2017-09-06T20:07:47","slug":"curricularizacion","status":"publish","type":"page","link":"https:\/\/viaje18.plexo.edu.uy\/index.php\/curricularizacion\/","title":{"rendered":"Curricularizaci\u00f3n"},"content":{"rendered":"<p>[et_pb_section bb_built=&#8221;1&#8243; fullwidth=&#8221;off&#8221; specialty=&#8221;off&#8221; _builder_version=&#8221;3.0.71&#8243; custom_padding=&#8221;0px|||&#8221;][et_pb_row _builder_version=&#8221;3.0.71&#8243;][et_pb_column type=&#8221;2_3&#8243;][et_pb_text _builder_version=&#8221;3.0.71&#8243; background_layout=&#8221;light&#8221; text_orientation=&#8221;left&#8221; border_style=&#8221;solid&#8221;]<\/p>\n<h3><span lang=\"ES-UY\">Introducci\u00f3n al Sistema de Cursos Propuesto para el Viaje 2018<\/span><\/h3>\n<hr \/>\n<p>&nbsp;<br \/>\n<span id=\"yiv5184050658yui_3_16_0_ym19_1_1506263540101_8035\"><span id=\"yiv5184050658yui_3_16_0_ym19_1_1506263540101_5587\">El nuevo plan de estudios prev\u00e9 el cursado de 48 cr\u00e9ditos entre optativas y electivas para la carrera de arquitectura. Teniendo en cuenta el tercio exigido por las bases del llamado a EDD G&#8217;2011, sobre el total del Plan 2015, se toma la iniciativa de un sistema de tres cursos que completa 16 cr\u00e9ditos totales.<\/span><\/span><br \/>\n[\/et_pb_text][et_pb_image _builder_version=&#8221;3.0.71&#8243; src=&#8221;http:\/\/www.plexo.edu.uy\/wp-content\/uploads\/2017\/09\/PLEXO_curriculariza-1.jpg&#8221; show_in_lightbox=&#8221;off&#8221; url_new_window=&#8221;off&#8221; use_overlay=&#8221;off&#8221; sticky=&#8221;off&#8221; align=&#8221;left&#8221; always_center_on_mobile=&#8221;on&#8221; border_style=&#8221;solid&#8221; force_fullwidth=&#8221;off&#8221; animation=&#8221;off&#8221; animation_style=&#8221;none&#8221; animation_duration=&#8221;1000ms&#8221; animation_intensity_slide=&#8221;50%&#8221; show_bottom_space=&#8221;on&#8221; \/][et_pb_text _builder_version=&#8221;3.0.106&#8243; background_layout=&#8221;light&#8221;]<\/p>\n<h4><\/h4>\n<h4><span id=\"yiv5184050658yui_3_16_0_ym19_1_1506263540101_8045\"><span id=\"yiv5184050658yui_3_16_0_ym19_1_1506263540101_7870\" lang=\"ES-UY\">Pre \u2013 Viaje:\u00a0<\/span><span id=\"yiv5184050658yui_3_16_0_ym19_1_1506263540101_7872\" lang=\"ES-UY\"><\/span><\/span><span id=\"yiv5184050658yui_3_16_0_ym19_1_1506263540101_8044\"><span id=\"yiv5184050658yui_3_16_0_ym19_1_1506263540101_7876\" lang=\"ES-UY\">Ciudad Ampliada (6 cr\u00e9ditos) + Narrativas Urbanas (4 cr\u00e9ditos)<\/span><\/span><\/h4>\n<p id=\"yiv5184050658yui_3_16_0_ym19_1_1506263540101_7730\"><span id=\"yiv5184050658yui_3_16_0_ym19_1_1506263540101_8046\"><span id=\"yiv5184050658yui_3_16_0_ym19_1_1506263540101_7731\" lang=\"ES-UY\">Ciudad Ampliada<\/span><span id=\"yiv5184050658yui_3_16_0_ym19_1_1506263540101_7732\" lang=\"ES-UY\">\u00a0nos introducir\u00e1 en la generaci\u00f3n de un proyecto de informaci\u00f3n urbano a partir de las distintas capas de datos abiertos de las principales ciudades a recorrer en el viaje. Para comprender la repercusi\u00f3n de la gesti\u00f3n de estos datos, nos acompa\u00f1aremos de una introducci\u00f3n te\u00f3rica sobre las cuestiones alrededor de estas ciudades ampliadas:<\/span><\/span><\/p>\n<p id=\"yiv5184050658yui_3_16_0_ym19_1_1506263540101_7737\"><span id=\"yiv5184050658yui_3_16_0_ym19_1_1506263540101_8047\"><span id=\"yiv5184050658yui_3_16_0_ym19_1_1506263540101_7738\" lang=\"ES-UY\">\u00b7<span id=\"yiv5184050658yui_3_16_0_ym19_1_1506263540101_7739\">\u00a0 \u00a0 \u00a0 \u00a0 \u00a0 \u00a0 \u00a0 \u00a0 <\/span><\/span><span id=\"yiv5184050658yui_3_16_0_ym19_1_1506263540101_7740\" lang=\"ES-UY\">Modelos de ciudad, Patrones urbanos y Territorios virtuales<br \/>\n<\/span><span id=\"yiv5184050658yui_3_16_0_ym19_1_1506263540101_7741\" lang=\"ES-UY\"><\/span><\/span><span id=\"yiv5184050658yui_3_16_0_ym19_1_1506263540101_8216\"><span id=\"yiv5184050658yui_3_16_0_ym19_1_1506263540101_7744\" lang=\"ES-UY\">\u00b7<span id=\"yiv5184050658yui_3_16_0_ym19_1_1506263540101_7745\">\u00a0\u00a0\u00a0\u00a0\u00a0\u00a0\u00a0\u00a0\u00a0\u00a0\u00a0\u00a0\u00a0\u00a0\u00a0\u00a0<\/span><\/span><span id=\"yiv5184050658yui_3_16_0_ym19_1_1506263540101_7746\" lang=\"ES-UY\">Teor\u00eda de juegos, programaci\u00f3n y analog\u00edas urbanas<br \/>\n<\/span><span id=\"yiv5184050658yui_3_16_0_ym19_1_1506263540101_7747\" lang=\"ES-UY\"><\/span><\/span><span id=\"yiv5184050658yui_3_16_0_ym19_1_1506263540101_8086\"><span id=\"yiv5184050658yui_3_16_0_ym19_1_1506263540101_7750\" lang=\"ES-UY\">\u00b7<span id=\"yiv5184050658yui_3_16_0_ym19_1_1506263540101_7751\">\u00a0\u00a0\u00a0\u00a0\u00a0\u00a0\u00a0\u00a0\u00a0\u00a0\u00a0\u00a0\u00a0\u00a0\u00a0\u00a0<\/span><\/span><span id=\"yiv5184050658yui_3_16_0_ym19_1_1506263540101_7752\" lang=\"ES-UY\">Parametrizaci\u00f3n social, aperturas y sistemas de participaci\u00f3n<\/span><span id=\"yiv5184050658yui_3_16_0_ym19_1_1506263540101_7753\" lang=\"ES-UY\"><\/span><\/span><\/p>\n<p id=\"yiv5184050658yui_3_16_0_ym19_1_1506263540101_7758\"><span id=\"yiv5184050658yui_3_16_0_ym19_1_1506263540101_8048\"><span id=\"yiv5184050658yui_3_16_0_ym19_1_1506263540101_7759\" lang=\"ES-UY\">Seguidamente, un m\u00f3dulo te\u00f3rico \u2013 pr\u00e1ctico dar\u00e1 lugar a una capacitaci\u00f3n cruzada entre los distintos programas, lenguajes y plataformas que van ser empleados en el ejercicio del curso. Estudios de visualizaci\u00f3n y c\u00e1lculo urbano, sistemas generativos y lenguajes de programaci\u00f3n aplicados sobre capas SIG.<\/span><span id=\"yiv5184050658yui_3_16_0_ym19_1_1506263540101_7760\" lang=\"ES-UY\"><\/span><\/span><\/p>\n<p id=\"yiv5184050658yui_3_16_0_ym19_1_1506263540101_7765\"><span id=\"yiv5184050658yui_3_16_0_ym19_1_1506263540101_8087\"><span id=\"yiv5184050658yui_3_16_0_ym19_1_1506263540101_7766\" lang=\"ES-UY\">Finalmente, el curso contempla una esencial fase pr\u00e1ctica de creaci\u00f3n de cartograf\u00edas interactivas digitales (en grupos de 4 personas aprox.) como parte de un proyecto reflexivo de cada grupo para con la ciudad elegida y que ser\u00e1n insumos esenciales en las gu\u00edas de viaje.<\/span><span id=\"yiv5184050658yui_3_16_0_ym19_1_1506263540101_7767\" lang=\"ES-UY\"><\/span><\/span><\/p>\n<p id=\"yiv5184050658yui_3_16_0_ym19_1_1506263540101_7772\"><span id=\"yiv5184050658yui_3_16_0_ym19_1_1506263540101_8043\"><span id=\"yiv5184050658yui_3_16_0_ym19_1_1506263540101_7773\" lang=\"ES-UY\">Utilizando los datos abiertos de la ciudad elegida, los grupos de estudiantes deber\u00e1n reconocer las capas de informaci\u00f3n \u2013 datasets &#8211; \u00a0que consideren referenciales en la ciudad de an\u00e1lisis, aquellas que determinan la identidad de la misma o un problema expl\u00edcito. Deber\u00e1n componer el diagrama l\u00f3gico que proyecte la generaci\u00f3n de una informaci\u00f3n propia creando un dataset nuevo a partir de la relaci\u00f3n de varias de las que ten\u00edan a su disponibilidad y la cuesti\u00f3n temporal.<\/span><span id=\"yiv5184050658yui_3_16_0_ym19_1_1506263540101_7774\" lang=\"ES-UY\"><\/span><\/span><\/p>\n<p id=\"yiv5184050658yui_3_16_0_ym19_1_1506263540101_7776\"><span id=\"yiv5184050658yui_3_16_0_ym19_1_1506263540101_8231\"><span id=\"yiv5184050658yui_3_16_0_ym19_1_1506263540101_7780\" lang=\"ES-UY\">Este primer curso, opera entonces sobre un eje de trabajo que podr\u00edamos denominar\u00a0<b id=\"yiv5184050658yui_3_16_0_ym19_1_1506263540101_7781\">\u201cUrbanismo l\u00fadico\u201d,\u00a0<\/b>un estudio de los conjuntos urbanos como entidades interactivas, como combinatorias de agentes con necesidades, como estudios relacionales de cruces complejos de informaci\u00f3n.<\/span><span id=\"yiv5184050658yui_3_16_0_ym19_1_1506263540101_7782\" lang=\"ES-UY\"><\/span><\/span><\/p>\n<p id=\"yiv5184050658yui_3_16_0_ym19_1_1506263540101_7784\"><span id=\"yiv5184050658yui_3_16_0_ym19_1_1506263540101_8232\"><span id=\"yiv5184050658yui_3_16_0_ym19_1_1506263540101_7788\" lang=\"ES-UY\">Su impartici\u00f3n ser\u00e1 en formato aula con una clase de 4 horas por semana.<\/span><span id=\"yiv5184050658yui_3_16_0_ym19_1_1506263540101_7789\" lang=\"ES-UY\"><\/span><\/span><\/p>\n<p id=\"yiv5184050658yui_3_16_0_ym19_1_1506263540101_7791\"><span id=\"yiv5184050658yui_3_16_0_ym19_1_1506263540101_8084\"><span id=\"yiv5184050658yui_3_16_0_ym19_1_1506263540101_7795\" lang=\"ES-UY\">Quienes decidan realizar el curso explicado, podr\u00e1n sumar otros 4 cr\u00e9ditos mediante el cursado de \u201cNarrativas Urbanas\u201d que se sustenta en la construcci\u00f3n detallada de la historia de las ciudades trabajadas en el curso ancla ampliado el dossier urbano que acompa\u00f1a a los sets de datos disponibles (Historia de sus planes urbanos, de las pol\u00edticas de vivienda, de sus infraestructuras, etc). El eje de trabajo que sostiene esta actividad puede denominarse como\u00a0<b id=\"yiv5184050658yui_3_16_0_ym19_1_1506263540101_7796\">\u201cTransformaciones Territoriales\u201d<\/b>\u00a0en la medida en que ayudan desde un \u00e1ngulo cualitativo a la comprensi\u00f3n de temas espec\u00edficos de ciudades varias.<\/span><span id=\"yiv5184050658yui_3_16_0_ym19_1_1506263540101_7797\" lang=\"ES-UY\"><\/span><\/span><\/p>\n<p id=\"yiv5184050658yui_3_16_0_ym19_1_1506263540101_7799\"><span id=\"yiv5184050658yui_3_16_0_ym19_1_1506263540101_8237\"><span id=\"yiv5184050658yui_3_16_0_ym19_1_1506263540101_7803\" lang=\"ES-UY\">Su impartici\u00f3n no ser\u00e1 en formato aula (a excepci\u00f3n de cuatro clases magistrales de apoyo), sino mediante tutor\u00edas con docentes asignados por el EDD. Su producto final consiste en art\u00edculos de divulgaci\u00f3n que ser\u00e1n utilizados como insumos para las gu\u00edas en sus diversos formatos y como complemento al ejercicio principal de Ciudad Ampliada.<\/span><span id=\"yiv5184050658yui_3_16_0_ym19_1_1506263540101_7804\" lang=\"ES-UY\"><\/span><\/span><\/p>\n<p id=\"yiv5184050658yui_3_16_0_ym19_1_1506263540101_7806\"><span id=\"yiv5184050658yui_3_16_0_ym19_1_1506263540101_10010\"><span id=\"yiv5184050658yui_3_16_0_ym19_1_1506263540101_7810\" lang=\"ES-UY\">Las ciudades trabajas por ambos cursos estar\u00e1n en correspondencia y en retroalimentaci\u00f3n conceptual. Dentro las urbes consideradas para los mismos se privilegiar\u00e1n por su disponibilidad de informaci\u00f3n geogr\u00e1fica: New York, Los \u00c1ngeles, Tokio, Kioto, Shangh\u00e1i, Estambul, Par\u00eds, Londres, \u00c1msterdam, Berl\u00edn, Oslo, Mosc\u00fa, Roma, Oporto y Barcelona, entre otras.<\/span><span id=\"yiv5184050658yui_3_16_0_ym19_1_1506263540101_7811\" lang=\"ES-UY\"><\/span><\/span><\/p>\n<p id=\"yiv5184050658yui_3_16_0_ym19_1_1506263540101_7813\"><span id=\"yiv5184050658yui_3_16_0_ym19_1_1506263540101_7814\" lang=\"ES-UY\">S<\/span><span id=\"yiv5184050658yui_3_16_0_ym19_1_1506263540101_7817\" lang=\"ES-UY\"><span id=\"yiv5184050658yui_3_16_0_ym19_1_1506263540101_8041\">e plantear\u00e1 la posibilidad de incorporar din\u00e1micas de recolecci\u00f3n de informaci\u00f3n dentro del mismo viaje en estos enfoques de estudios ampliados de la ciudad.<\/span><\/span><\/p>\n<h4 id=\"yiv5184050658yui_3_16_0_ym19_1_1506263540101_7816\" dir=\"ltr\"><span id=\"yiv5184050658yui_3_16_0_ym19_1_1506263540101_8040\"><span id=\"yiv5184050658yui_3_16_0_ym19_1_1506263540101_7974\"><span id=\"yiv5184050658yui_3_16_0_ym19_1_1506263540101_7975\" lang=\"ES-UY\">En viaje y post \u2013 viaje:\u00a0<\/span><\/span><span id=\"yiv5184050658yui_3_16_0_ym19_1_1506263540101_7976\"><span id=\"yiv5184050658yui_3_16_0_ym19_1_1506263540101_7977\" lang=\"ES-UY\"><\/span><\/span><\/span><span id=\"yiv5184050658yui_3_16_0_ym19_1_1506263540101_8039\"><span id=\"yiv5184050658yui_3_16_0_ym19_1_1506263540101_7980\"><span id=\"yiv5184050658yui_3_16_0_ym19_1_1506263540101_7981\" lang=\"ES-UY\">Profundizaci\u00f3n Acad\u00e9mica del Viaje de Arquitectura (6 cr\u00e9ditos &#8211; 2da edici\u00f3n)<\/span><\/span><\/span><\/h4>\n<p id=\"yiv5184050658yui_3_16_0_ym19_1_1506263540101_7988\"><span id=\"yiv5184050658yui_3_16_0_ym19_1_1506263540101_8023\"><span id=\"yiv5184050658yui_3_16_0_ym19_1_1506263540101_7989\" lang=\"ES-UY\">El curso Profundizaci\u00f3n Acad\u00e9mica del Viaje de Arquitectura 2da edici\u00f3n pretende reeditar la propuesta de PLEXO para el Viaje 2015. Aqu\u00ed se organiza un seminario de verano previo al viaje que presenta la metodolog\u00eda de trabajo y asignaci\u00f3n de tutores para el proceso de viaje. En la etapa post \u2013 viaje, y habiendo aprovechado el itinerario para la recolecci\u00f3n de informaci\u00f3n, se desarrollar\u00e1 un art\u00edculo acad\u00e9mico con caracter\u00edsticas de escritura cient\u00edfica que ser\u00e1n publicados en un Dossier del Viaje PLEXO 2018: en suma, una publicaci\u00f3n que resuma los esfuerzos acad\u00e9micos de estudiantes y docentes.<\/span><span id=\"yiv5184050658yui_3_16_0_ym19_1_1506263540101_7990\" lang=\"ES-UY\"><\/span><\/span><\/p>\n<p id=\"yiv5184050658yui_3_16_0_ym19_1_1506263540101_7992\"><span id=\"yiv5184050658yui_3_16_0_ym19_1_1506263540101_8024\"><span id=\"yiv5184050658yui_3_16_0_ym19_1_1506263540101_7996\" lang=\"ES-UY\">Su finalizaci\u00f3n se prev\u00e9 para julio de 2019 y los ejes de trabajo que soportan esta instancia curricular estar\u00e1n vinculados a los dos anteriores, pero sumando fuertemente la escala arquitect\u00f3nica bajo la denominaci\u00f3n de\u00a0<b id=\"yiv5184050658yui_3_16_0_ym19_1_1506263540101_7997\">\u201cMiradas Arquitect\u00f3nicas\u201d<\/b>. Sin limitar escalas se pretende detallar episodios contempor\u00e1neos e hist\u00f3ricos sobre obras, proyectos y\/o posiciones disciplinares que aporten al debate sobre el rol del dise\u00f1o arquitect\u00f3nico a partir de las frescas miradas de los viajeros. A modo de ejemplo, sugerimos recorrer el siguiente link con los productos del Viaje 2015:<\/span><span id=\"yiv5184050658yui_3_16_0_ym19_1_1506263540101_7998\" lang=\"ES-UY\"><\/span><\/span><\/p>\n<p id=\"yiv5184050658yui_3_16_0_ym19_1_1506263540101_8000\"><span id=\"yiv5184050658yui_3_16_0_ym19_1_1506263540101_8063\"><a id=\"yiv5184050658yui_3_16_0_ym19_1_1506263540101_8001\" href=\"http:\/\/www.fadu.edu.uy\/viaje2015\/articulos-estudiantiles\/\" target=\"_blank\" rel=\"nofollow noopener\"><span id=\"yiv5184050658yui_3_16_0_ym19_1_1506263540101_8002\" lang=\"ES-UY\">http:\/\/www.fadu.edu.uy\/viaje2015\/articulos-estudiantiles\/<\/span><\/a><span id=\"yiv5184050658yui_3_16_0_ym19_1_1506263540101_8003\" lang=\"ES-UY\"><\/span><\/span><\/p>\n<p id=\"yiv5184050658yui_3_16_0_ym19_1_1506263540101_8005\" dir=\"ltr\"><span id=\"yiv5184050658yui_3_16_0_ym19_1_1506263540101_8006\" lang=\"ES-UY\"><span id=\"yiv5184050658yui_3_16_0_ym19_1_1506263540101_8038\">Como qued\u00f3 sugerido, su impartici\u00f3n se estructura por un seminario previo al viaje, por la recolecci\u00f3n de informaci\u00f3n durante viaje (con el auspicio del tutor asignado) m\u00e1s la concreci\u00f3n de un art\u00edculo con fuerte seguimiento tutorado durante el primer semestre de 2019.<\/span><\/span><span id=\"yiv5184050658yui_3_16_0_ym19_1_1506263540101_8007\" lang=\"ES-UY\"><\/span><\/p>\n<h4 id=\"yiv5184050658yui_3_16_0_ym19_1_1506263540101_8005\" dir=\"ltr\"><span id=\"yiv5184050658yui_3_16_0_ym19_1_1506263540101_10102\">Docentes Responsables:<\/span><\/h4>\n<p id=\"yiv5184050658yui_3_16_0_ym19_1_1506263540101_10103\" dir=\"ltr\"><span id=\"yiv5184050658yui_3_16_0_ym19_1_1506263540101_10104\">Arq. Marcelo Payss\u00e9 Alvarez, Prof. G5<br \/>\n<\/span><span id=\"yiv5184050658yui_3_16_0_ym19_1_1506263540101_10106\">Mg. Arq. Alberto de Austria Mill\u00e1n, G1 (Coordinador y Director de contenidos del Curso Ciudad Ampliada)<br \/>\n<\/span><span id=\"yiv5184050658yui_3_16_0_ym19_1_1506263540101_10108\">Arq. Pablo Can\u00e9n G2 (s) (Coordinador de tutor\u00edas del complemento Narrativas Urbanas)<br \/>\n<\/span><span id=\"yiv5184050658yui_3_16_0_ym19_1_1506263540101_10110\">Mg. Arq. Fernando Garc\u00eda Amen G3 (Coordinador de tutor\u00edas del curso Profundizaci\u00f3n Acad\u00e9mica del Viaje de Arquitectura)<\/span><\/p>\n<h4 id=\"yiv5184050658yui_3_16_0_ym19_1_1506263540101_10111\" dir=\"ltr\"><span id=\"yiv5184050658yui_3_16_0_ym19_1_1506263540101_10115\">Equipo:\u00a0<\/span><\/h4>\n<p id=\"yiv5184050658yui_3_16_0_ym19_1_1506263540101_10116\" dir=\"ltr\"><span id=\"yiv5184050658yui_3_16_0_ym19_1_1506263540101_10117\">Arq. Laura Vizconde G3<br \/>\n<\/span><span id=\"yiv5184050658yui_3_16_0_ym19_1_1506263540101_10119\">Mg. Arq. Roberto Langwagen G3<br \/>\n<\/span><span id=\"yiv5184050658yui_3_16_0_ym19_1_1506263540101_10121\">Arq. Juan Pablo Portillo G3<br \/>\n<\/span><span id=\"yiv5184050658yui_3_16_0_ym19_1_1506263540101_10123\">Arq. Ra\u00fal Buz\u00f3. Arq G1<br \/>\n<\/span><span id=\"yiv5184050658yui_3_16_0_ym19_1_1506263540101_10125\">Angel Armagno G1<br \/>\n<\/span><span id=\"yiv5184050658yui_3_16_0_ym19_1_1506263540101_10127\">Arq. Gabriela Barber G1<br \/>\n<\/span><span id=\"yiv5184050658yui_3_16_0_ym19_1_1506263540101_10129\">Arq. Jimena Abraham G1<br \/>\n<\/span><span id=\"yiv5184050658yui_3_16_0_ym19_1_1506263540101_10131\">Prof. Serrana Robledo G1<\/span><\/p>\n<h4 id=\"yiv5184050658yui_3_16_0_ym19_1_1506263540101_10132\" dir=\"ltr\"><span id=\"yiv5184050658yui_3_16_0_ym19_1_1506263540101_10136\">Docentes invitados:<\/span><\/h4>\n<p id=\"yiv5184050658yui_3_16_0_ym19_1_1506263540101_10137\" dir=\"ltr\"><span id=\"yiv5184050658yui_3_16_0_ym19_1_1506263540101_10138\">Dr. Carlos Mar\u00edn<br \/>\n<\/span><span id=\"yiv5184050658yui_3_16_0_ym19_1_1506263540101_10140\">Dr. Gonzalo Correa<br \/>\n<\/span><span id=\"yiv5184050658yui_3_16_0_ym19_1_1506263540101_10142\">Dr. Sergio Yanes<\/span><\/p>\n<p>[\/et_pb_text][\/et_pb_column][et_pb_column type=&#8221;1_3&#8243;][et_pb_text _builder_version=&#8221;3.0.71&#8243; background_layout=&#8221;light&#8221; text_orientation=&#8221;left&#8221; border_style=&#8221;solid&#8221;]<br \/>\n<div id=\"attachment_1475\" style=\"width: 510px\" class=\"wp-caption alignleft\"><img aria-describedby=\"caption-attachment-1475\" loading=\"lazy\" class=\"size-full wp-image-1475\" src=\"http:\/\/www.plexo.edu.uy\/wp-content\/uploads\/2017\/09\/PLEXO_Charla-Praga.jpg\" alt=\"\" width=\"500\" height=\"332\" \/><p id=\"caption-attachment-1475\" class=\"wp-caption-text\">Charla docente en Praga. Viaje PLEXO 2015.<\/p><\/div><br \/>\n[\/et_pb_text][\/et_pb_column][\/et_pb_row][\/et_pb_section]<\/p>\n","protected":false},"excerpt":{"rendered":"<p>Introducci\u00f3n al Sistema de Cursos Propuesto para el Viaje 2018 &nbsp; El nuevo plan de estudios prev\u00e9 el cursado de 48 cr\u00e9ditos entre optativas y electivas para la carrera de arquitectura. Teniendo en cuenta el tercio exigido por las bases del llamado a EDD G&#8217;2011, sobre el total del Plan 2015, se toma la iniciativa [&hellip;]<\/p>\n","protected":false},"author":1,"featured_media":0,"parent":0,"menu_order":0,"comment_status":"closed","ping_status":"closed","template":"","meta":{"_et_pb_use_builder":"on","_et_pb_old_content":"","_et_gb_content_width":""},"_links":{"self":[{"href":"https:\/\/viaje18.plexo.edu.uy\/index.php\/wp-json\/wp\/v2\/pages\/99"}],"collection":[{"href":"https:\/\/viaje18.plexo.edu.uy\/index.php\/wp-json\/wp\/v2\/pages"}],"about":[{"href":"https:\/\/viaje18.plexo.edu.uy\/index.php\/wp-json\/wp\/v2\/types\/page"}],"author":[{"embeddable":true,"href":"https:\/\/viaje18.plexo.edu.uy\/index.php\/wp-json\/wp\/v2\/users\/1"}],"replies":[{"embeddable":true,"href":"https:\/\/viaje18.plexo.edu.uy\/index.php\/wp-json\/wp\/v2\/comments?post=99"}],"version-history":[{"count":0,"href":"https:\/\/viaje18.plexo.edu.uy\/index.php\/wp-json\/wp\/v2\/pages\/99\/revisions"}],"wp:attachment":[{"href":"https:\/\/viaje18.plexo.edu.uy\/index.php\/wp-json\/wp\/v2\/media?parent=99"}],"curies":[{"name":"wp","href":"https:\/\/api.w.org\/{rel}","templated":true}]}}